{"id":562,"date":"2010-12-19T16:26:03","date_gmt":"2010-12-19T16:26:03","guid":{"rendered":"https:\/\/giannidavico.it\/staging\/brainfood\/"},"modified":"2016-01-18T17:23:28","modified_gmt":"2016-01-18T15:23:28","slug":"la-vita-2-0","status":"publish","type":"page","link":"https:\/\/giannidavico.it\/brainfood\/la-vita-2-0\/","title":{"rendered":"La vita 2.0"},"content":{"rendered":"<p><a href=\"https:\/\/giannidavico.it\/brainfood\/files\/2010\/12\/copertina.jpg\"><img loading=\"lazy\" src=\"https:\/\/giannidavico.it\/brainfood\/files\/2010\/12\/copertina-202x300.jpg\" alt=\"\" title=\"La vita 2.0\" width=\"202\" height=\"300\" class=\"alignright size-medium wp-image-1045\" srcset=\"https:\/\/giannidavico.it\/brainfood\/files\/2010\/12\/copertina-202x300.jpg 202w, https:\/\/giannidavico.it\/brainfood\/files\/2010\/12\/copertina-691x1024.jpg 691w, https:\/\/giannidavico.it\/brainfood\/files\/2010\/12\/copertina.jpg 1642w\" sizes=\"(max-width: 202px) 100vw, 202px\" \/><\/a><br \/>\n<strong>Che cos\u2019\u00e8 <em>La vita 2.0<\/em>?<\/strong><br \/>\nIl mio libro pi\u00f9 recente. A partire dalle riflessioni mie e di tanti altri pensatori e blogger, dice che la felicit\u00e0 \u00e8\u00a0alla\u00a0nostra portata sempre e comunque, e ammazzarsi di lavoro non \u00e8 pi\u00f9 necessario. Basta prepararsi per tempo (<a href=\"https:\/\/giannidavico.it\/brainfood\/2010\/06\/17\/simone-perotti-adesso-basta\/\">Simone Perotti docet<\/a>), applicare il <a href=\"http:\/\/it.wikipedia.org\/wiki\/Principio_di_Pareto\" target=\"_blank\">principio di Pareto<\/a> e la <a href=\"http:\/\/it.wikiquote.org\/wiki\/Cyril_Northcote_Parkinson\" target=\"_blank\">legge di Parkinson<\/a>, spingere con decisione sul pedale della tecnologia e il gioco \u00e8 fatto.<\/p>\n<p><strong>Che cosa pu\u00f2 fare per te?<\/strong><br \/>\nPu\u00f2 contribuire ad avvicinarti alla felicit\u00e0, a ridurre lo stress nella tua vita, le ore dedicate a lavori noiosi e ripetitivi. In una parola, ad esprimere te stesso\/a al massimo e al meglio delle tue potenzialit\u00e0.<\/p>\n<p><strong>Che cosa <em>non<\/em> pu\u00f2 fare per te?<\/strong><br \/>\nNessuno pu\u00f2 insegnare nulla a chicchessia \u2013 si pu\u00f2 solo imparare. Il libro non contiene dunque ricette miracolose e non risolver\u00e0 di per s\u00e9 nessun tuo problema. Ma ti pu\u00f2 dare tantissimi spunti di riflessione che possono portarti alla soluzione che probabilmente cerchi. Puoi in ogni caso fartene un\u2019idea pi\u00f9 precisa scaricando e leggendo <a href=\"https:\/\/giannidavico.it\/images\/lavita2.pdf\">Indice e Istruzioni per l\u2019uso<\/a>.<\/p>\n<p><strong>Come puoi averlo?<\/strong><br \/>\nTramite questo sito: qui a destra, sotto la voce &#8220;Compralo qui&#8221;, trovi le istruzioni. Per qualunque dubbio <a href=\"mailto:davico@tesietesti.it?subject=Domanda sul libro\">scrivimi<\/a>.<\/p>\n<p>Guarda l&#8217;<a href=\"http:\/\/www.italiachecambia.org\/2016\/01\/io-faccio-cosi-103-lavorare-meno-riprendersi-tempo-gianni-davico\/\" target=\"_blank\">intervista<\/a> di Daniel Tarozzi:<br \/>\n<iframe loading=\"lazy\" width=\"690\" height=\"380\" src=\"https:\/\/www.youtube.com\/embed\/PDimHEkPd_0\" frameborder=\"0\" allowfullscreen><\/iframe><\/p>\n<p>Leggi l&#8217;<a href=\"http:\/\/www.italiachecambia.org\/2016\/01\/io-faccio-cosi-103-lavorare-meno-riprendersi-tempo-gianni-davico\/\" target=\"_blank\">articolo<\/a> di Paolo Cignini.<\/p>\n<p>Leggi l&#8217;<a href=\"http:\/\/www.ilcambiamento.it\/persone\/vita_2_0_intervista_davico.html\" target=\"_blank\">intervista<\/a> di Daniel Tarozzi. \u00c8 dell&#8217;aprile 2011, quando Daniel era Direttore Responsabile de &#8220;Il Cambiamento&#8221;.<\/p>\n<p><a href=\"https:\/\/giannidavico.it\/blog\/author\/giannidavico\/\" title=\"La vita 2.0\">Qui<\/a> il blog omonimo, un progetto concluso a maggio 2013 che ho tenuto sul sito de &#8220;il Cambiamento&#8221; per due anni come illustrazione e ampliamento dei concetti espressi nel libro.<\/p>\n","protected":false},"excerpt":{"rendered":"<p><a href=\"https:\/\/giannidavico.it\/brainfood\/files\/2010\/12\/copertina.jpg\"><img loading=\"lazy\" src=\"https:\/\/giannidavico.it\/brainfood\/files\/2010\/12\/copertina-202x300.jpg\" alt=\"\" title=\"La vita 2.0\" width=\"202\" height=\"300\" class=\"alignright size-medium wp-image-1045\" srcset=\"https:\/\/giannidavico.it\/brainfood\/files\/2010\/12\/copertina-202x300.jpg 202w, https:\/\/giannidavico.it\/brainfood\/files\/2010\/12\/copertina-691x1024.jpg 691w, https:\/\/giannidavico.it\/brainfood\/files\/2010\/12\/copertina.jpg 1642w\" sizes=\"(max-width: 202px) 100vw, 202px\" \/><\/a><br \/> <strong>Che cos\u2019\u00e8 <em>La vita 2.0<\/em>?<\/strong><br \/> Il mio libro pi\u00f9 recente. A partire dalle riflessioni mie e di tanti altri pensatori e blogger, dice che la felicit\u00e0 \u00e8\u00a0alla\u00a0nostra portata sempre e comunque, e ammazzarsi di lavoro non \u00e8 pi\u00f9 necessario. Basta prepararsi per tempo (<a href=\"https:\/\/giannidavico.it\/brainfood\/2010\/06\/17\/simone-perotti-adesso-basta\/\">Simone Perotti docet<\/a>), applicare il <a href=\"http:\/\/it.wikipedia.org\/wiki\/Principio_di_Pareto\" target=\"_blank\">principio di Pareto<\/a> e la <a href=\"http:\/\/it.wikiquote.org\/wiki\/Cyril_Northcote_Parkinson\" target=\"_blank\">legge di Parkinson<\/a>, spingere con decisione sul pedale della tecnologia e il gioco \u00e8 fatto.<\/p>\n<p><strong>Che cosa pu\u00f2 fare per te?<\/strong><br \/> Pu\u00f2 contribuire ad avvicinarti alla felicit\u00e0, a ridurre lo stress nella tua vita, le ore dedicate a lavori noiosi e ripetitivi. In una parola, ad esprimere te stesso\/a al massimo e al meglio delle tue potenzialit\u00e0.<\/p>\n<p><strong>Che cosa <em>non<\/em> pu\u00f2 fare per te?<\/strong><br \/> Nessuno pu\u00f2 insegnare nulla a chicchessia \u2013 si pu\u00f2 solo imparare. Il libro non contiene dunque ricette miracolose e non risolver\u00e0 di per s\u00e9 nessun tuo problema. Ma ti pu\u00f2 dare tantissimi spunti di riflessione che possono portarti alla soluzione che probabilmente cerchi. Puoi in ogni caso fartene un\u2019idea pi\u00f9 [\u2026] <a class=\"moretag\" href=\"https:\/\/giannidavico.it\/brainfood\/la-vita-2-0\/\">continua a leggere \u00bb<\/a><\/p>\n","protected":false},"author":1,"featured_media":0,"parent":0,"menu_order":0,"comment_status":"open","ping_status":"open","template":"","meta":[],"yoast_head":"<!-- This site is optimized with the Yoast SEO plugin v19.14 - https:\/\/yoast.com\/wordpress\/plugins\/seo\/ -->\n<title>La vita 2.0 - Brainfood<\/title>\n<meta name=\"robots\" content=\"index, follow, max-snippet:-1, max-image-preview:large, max-video-preview:-1\" \/>\n<link rel=\"canonical\" href=\"https:\/\/giannidavico.it\/brainfood\/la-vita-2-0\/\" \/>\n<meta property=\"og:locale\" content=\"it_IT\" \/>\n<meta property=\"og:type\" content=\"article\" \/>\n<meta property=\"og:title\" content=\"La vita 2.0 - Brainfood\" \/>\n<meta property=\"og:description\" content=\"Che cos\u2019\u00e8 La vita 2.0? Il mio libro pi\u00f9 recente. A partire dalle riflessioni mie e di tanti altri pensatori e blogger, dice che la felicit\u00e0 \u00e8\u00a0alla\u00a0nostra portata sempre e comunque, e ammazzarsi di lavoro non \u00e8 pi\u00f9 necessario. Basta prepararsi per tempo (Simone Perotti docet), applicare il principio di Pareto e la legge di Parkinson, spingere con decisione sul pedale della tecnologia e il gioco \u00e8 fatto. Che cosa pu\u00f2 fare per te? Pu\u00f2 contribuire ad avvicinarti alla felicit\u00e0, a ridurre lo stress nella tua vita, le ore dedicate a lavori noiosi e ripetitivi. In una parola, ad esprimere te stesso\/a al massimo e al meglio delle tue potenzialit\u00e0. Che cosa non pu\u00f2 fare per te? Nessuno pu\u00f2 insegnare nulla a chicchessia \u2013 si pu\u00f2 solo imparare. Il libro non contiene dunque ricette miracolose e non risolver\u00e0 di per s\u00e9 nessun tuo problema. Ma ti pu\u00f2 dare tantissimi spunti di riflessione che possono portarti alla soluzione che probabilmente cerchi. Puoi in ogni caso fartene un\u2019idea pi\u00f9 [\u2026] continua a leggere \u00bb\" \/>\n<meta property=\"og:url\" content=\"https:\/\/giannidavico.it\/brainfood\/la-vita-2-0\/\" \/>\n<meta property=\"og:site_name\" content=\"Brainfood\" \/>\n<meta property=\"article:modified_time\" content=\"2016-01-18T15:23:28+00:00\" \/>\n<meta property=\"og:image\" content=\"https:\/\/giannidavico.it\/brainfood\/files\/2010\/12\/copertina-202x300.jpg\" \/>\n<meta name=\"twitter:card\" content=\"summary_large_image\" \/>\n<meta name=\"twitter:label1\" content=\"Tempo di lettura stimato\" \/>\n\t<meta name=\"twitter:data1\" content=\"1 minuto\" \/>\n<script type=\"application\/ld+json\" class=\"yoast-schema-graph\">{\"@context\":\"https:\/\/schema.org\",\"@graph\":[{\"@type\":\"WebPage\",\"@id\":\"https:\/\/giannidavico.it\/brainfood\/la-vita-2-0\/\",\"url\":\"https:\/\/giannidavico.it\/brainfood\/la-vita-2-0\/\",\"name\":\"La vita 2.0 - Brainfood\",\"isPartOf\":{\"@id\":\"https:\/\/giannidavico.it\/brainfood\/#website\"},\"datePublished\":\"2010-12-19T16:26:03+00:00\",\"dateModified\":\"2016-01-18T15:23:28+00:00\",\"inLanguage\":\"it-IT\",\"potentialAction\":[{\"@type\":\"ReadAction\",\"target\":[\"https:\/\/giannidavico.it\/brainfood\/la-vita-2-0\/\"]}]},{\"@type\":\"WebSite\",\"@id\":\"https:\/\/giannidavico.it\/brainfood\/#website\",\"url\":\"https:\/\/giannidavico.it\/brainfood\/\",\"name\":\"Brainfood\",\"description\":\"L&#039;industria della traduzione, secondo me.  Visioni, previsioni, travisamenti\",\"potentialAction\":[{\"@type\":\"SearchAction\",\"target\":{\"@type\":\"EntryPoint\",\"urlTemplate\":\"https:\/\/giannidavico.it\/brainfood\/?s={search_term_string}\"},\"query-input\":\"required name=search_term_string\"}],\"inLanguage\":\"it-IT\"}]}<\/script>\n<!-- \/ Yoast SEO plugin. -->","yoast_head_json":{"title":"La vita 2.0 - Brainfood","robots":{"index":"index","follow":"follow","max-snippet":"max-snippet:-1","max-image-preview":"max-image-preview:large","max-video-preview":"max-video-preview:-1"},"canonical":"https:\/\/giannidavico.it\/brainfood\/la-vita-2-0\/","og_locale":"it_IT","og_type":"article","og_title":"La vita 2.0 - Brainfood","og_description":"Che cos\u2019\u00e8 La vita 2.0? Il mio libro pi\u00f9 recente. A partire dalle riflessioni mie e di tanti altri pensatori e blogger, dice che la felicit\u00e0 \u00e8\u00a0alla\u00a0nostra portata sempre e comunque, e ammazzarsi di lavoro non \u00e8 pi\u00f9 necessario. Basta prepararsi per tempo (Simone Perotti docet), applicare il principio di Pareto e la legge di Parkinson, spingere con decisione sul pedale della tecnologia e il gioco \u00e8 fatto. Che cosa pu\u00f2 fare per te? Pu\u00f2 contribuire ad avvicinarti alla felicit\u00e0, a ridurre lo stress nella tua vita, le ore dedicate a lavori noiosi e ripetitivi. In una parola, ad esprimere te stesso\/a al massimo e al meglio delle tue potenzialit\u00e0. Che cosa non pu\u00f2 fare per te? Nessuno pu\u00f2 insegnare nulla a chicchessia \u2013 si pu\u00f2 solo imparare. Il libro non contiene dunque ricette miracolose e non risolver\u00e0 di per s\u00e9 nessun tuo problema. Ma ti pu\u00f2 dare tantissimi spunti di riflessione che possono portarti alla soluzione che probabilmente cerchi. Puoi in ogni caso fartene un\u2019idea pi\u00f9 [\u2026] continua a leggere \u00bb","og_url":"https:\/\/giannidavico.it\/brainfood\/la-vita-2-0\/","og_site_name":"Brainfood","article_modified_time":"2016-01-18T15:23:28+00:00","og_image":[{"url":"https:\/\/giannidavico.it\/brainfood\/files\/2010\/12\/copertina-202x300.jpg"}],"twitter_card":"summary_large_image","twitter_misc":{"Tempo di lettura stimato":"1 minuto"},"schema":{"@context":"https:\/\/schema.org","@graph":[{"@type":"WebPage","@id":"https:\/\/giannidavico.it\/brainfood\/la-vita-2-0\/","url":"https:\/\/giannidavico.it\/brainfood\/la-vita-2-0\/","name":"La vita 2.0 - Brainfood","isPartOf":{"@id":"https:\/\/giannidavico.it\/brainfood\/#website"},"datePublished":"2010-12-19T16:26:03+00:00","dateModified":"2016-01-18T15:23:28+00:00","inLanguage":"it-IT","potentialAction":[{"@type":"ReadAction","target":["https:\/\/giannidavico.it\/brainfood\/la-vita-2-0\/"]}]},{"@type":"WebSite","@id":"https:\/\/giannidavico.it\/brainfood\/#website","url":"https:\/\/giannidavico.it\/brainfood\/","name":"Brainfood","description":"L&#039;industria della traduzione, secondo me.  Visioni, previsioni, travisamenti","potentialAction":[{"@type":"SearchAction","target":{"@type":"EntryPoint","urlTemplate":"https:\/\/giannidavico.it\/brainfood\/?s={search_term_string}"},"query-input":"required name=search_term_string"}],"inLanguage":"it-IT"}]}},"_links":{"self":[{"href":"https:\/\/giannidavico.it\/brainfood\/wp-json\/wp\/v2\/pages\/562"}],"collection":[{"href":"https:\/\/giannidavico.it\/brainfood\/wp-json\/wp\/v2\/pages"}],"about":[{"href":"https:\/\/giannidavico.it\/brainfood\/wp-json\/wp\/v2\/types\/page"}],"author":[{"embeddable":true,"href":"https:\/\/giannidavico.it\/brainfood\/wp-json\/wp\/v2\/users\/1"}],"replies":[{"embeddable":true,"href":"https:\/\/giannidavico.it\/brainfood\/wp-json\/wp\/v2\/comments?post=562"}],"version-history":[{"count":35,"href":"https:\/\/giannidavico.it\/brainfood\/wp-json\/wp\/v2\/pages\/562\/revisions"}],"predecessor-version":[{"id":3108,"href":"https:\/\/giannidavico.it\/brainfood\/wp-json\/wp\/v2\/pages\/562\/revisions\/3108"}],"wp:attachment":[{"href":"https:\/\/giannidavico.it\/brainfood\/wp-json\/wp\/v2\/media?parent=562"}],"curies":[{"name":"wp","href":"https:\/\/api.w.org\/{rel}","templated":true}]}}