{"id":271,"date":"2018-04-02T09:40:46","date_gmt":"2018-04-02T07:40:46","guid":{"rendered":"https:\/\/giannidavico.it\/staging\/ciapatravers\/?page_id=271"},"modified":"2018-10-03T09:16:08","modified_gmt":"2018-10-03T07:16:08","slug":"anche-dal-silenzio-impari","status":"publish","type":"page","link":"https:\/\/giannidavico.it\/ciapatravers\/anche-dal-silenzio-impari\/","title":{"rendered":"Anche dal silenzio impari"},"content":{"rendered":"<p><a href=\"https:\/\/giannidavico.it\/files\/2018\/04\/Anche-dal-silenzio-impari.jpg\"><img loading=\"lazy\" class=\"alignright size-medium wp-image-1334\" src=\"https:\/\/giannidavico.it\/files\/2018\/04\/Anche-dal-silenzio-impari-201x300.jpg\" alt=\"\" width=\"201\" height=\"300\" \/><\/a><br \/>\nIl 9 ottobre 2017 pap\u00e0, a 88 anni, si \u00e8 spento serenamente. Nei due mesi seguenti ho scritto un libro su di lui, che ha visto la luce il 30 marzo 2018.<\/p>\n<p>Dalla quarta di copertina:<\/p>\n<blockquote><p>Che cosa ti pu\u00f2 insegnare la morte del tuo proprio padre? Questo libro descrive il cammino che l\u2019autore ha compiuto accompagnando il padre negli ultimi mesi di vita, e idealmente parla di tutti i pap\u00e0 e dei figli del mondo.<\/p>\n<p>\u201cL\u2019intero percorso \u00e8 durato due mesi esatti. E quando sono giunto a quel momento ho capito che la vera, la principale, l\u2019essenziale ragione per cui ho scritto tutto questo \u00e8 stato per accompagnarti davvero alla tua tomba. In quel momento ho capito che ti avevo seppellito per sempre e che potevo passare oltre con la mia vita.<br \/>\nC\u2019eravamo tu e io. E io ti ho seppellito, pap\u00e0. Il figlio ha seppellito il padre, come \u00e8 giusto che sia, come \u00e8 nell\u2019ordine naturale delle cose che succedono. L\u2019intero processo \u00e8 terminato. Ora, a libro concluso, ti ho lasciato andare in maniera completa, lieta, serena e definitiva\u201d.<\/p><\/blockquote>\n<p>Potrebbe &#8211; forse &#8211; essere inteso come piccolo lenimento per chi ha subito un trauma come il mio, con l&#8217;obiettivo di tirare fuori col tempo da quel cambiamento tutto il buono che certamente c&#8217;\u00e8.<\/p>\n<p><a href=\"https:\/\/giannidavico.it\/ciapatravers\/files\/2018\/10\/Corriere.jpg\">Qui<\/a> l&#8217;articolo di Daniele Marucco (&#8220;Corriere di Chieri&#8221;, 20 luglio 2018).<\/p>\n","protected":false},"excerpt":{"rendered":"<p><a href=\"https:\/\/giannidavico.it\/files\/2018\/04\/Anche-dal-silenzio-impari.jpg\"><img loading=\"lazy\" class=\"alignright size-medium wp-image-1334\" src=\"https:\/\/giannidavico.it\/files\/2018\/04\/Anche-dal-silenzio-impari-201x300.jpg\" alt=\"\" width=\"201\" height=\"300\" \/><\/a><br \/> Il 9 ottobre 2017 pap\u00e0, a 88 anni, si \u00e8 spento serenamente. Nei due mesi seguenti ho scritto un libro su di lui, che ha visto la luce il 30 marzo 2018.<\/p>\n<p>Dalla quarta di copertina:<\/p>\n<p>Che cosa ti pu\u00f2 insegnare la morte del tuo proprio padre? Questo libro descrive il cammino che l\u2019autore ha compiuto accompagnando il padre negli ultimi mesi di vita, e idealmente parla di tutti i pap\u00e0 e dei figli del mondo.<\/p>\n<p>\u201cL\u2019intero percorso \u00e8 durato due mesi esatti. E quando sono giunto a quel momento ho capito che la vera, la principale, l\u2019essenziale ragione per cui ho scritto tutto questo \u00e8 stato per accompagnarti davvero alla tua tomba. In quel momento ho capito che ti avevo seppellito per sempre e che potevo passare oltre con la mia vita.<br \/> C\u2019eravamo tu e io. E io ti ho seppellito, pap\u00e0. Il figlio ha seppellito il padre, come \u00e8 giusto che sia, come \u00e8 nell\u2019ordine naturale delle cose che succedono. L\u2019intero processo \u00e8 terminato. Ora, a libro concluso, ti ho lasciato andare in maniera completa, lieta, serena e definitiva\u201d.<\/p>\n<p>Potrebbe &#8211; forse &#8211; essere inteso [\u2026] <a class=\"moretag\" href=\"https:\/\/giannidavico.it\/ciapatravers\/anche-dal-silenzio-impari\/\">continua a leggere \u00bb<\/a><\/p>\n","protected":false},"author":4,"featured_media":0,"parent":0,"menu_order":0,"comment_status":"closed","ping_status":"closed","template":"","meta":[],"yoast_head":"<!-- This site is optimized with the Yoast SEO plugin v19.14 - https:\/\/yoast.com\/wordpress\/plugins\/seo\/ -->\n<title>Anche dal silenzio impari - Ciapatravers<\/title>\n<meta name=\"robots\" content=\"index, follow, max-snippet:-1, max-image-preview:large, max-video-preview:-1\" \/>\n<link rel=\"canonical\" href=\"https:\/\/giannidavico.it\/ciapatravers\/anche-dal-silenzio-impari\/\" \/>\n<meta property=\"og:locale\" content=\"it_IT\" \/>\n<meta property=\"og:type\" content=\"article\" \/>\n<meta property=\"og:title\" content=\"Anche dal silenzio impari - Ciapatravers\" \/>\n<meta property=\"og:description\" content=\"Il 9 ottobre 2017 pap\u00e0, a 88 anni, si \u00e8 spento serenamente. Nei due mesi seguenti ho scritto un libro su di lui, che ha visto la luce il 30 marzo 2018. Dalla quarta di copertina: Che cosa ti pu\u00f2 insegnare la morte del tuo proprio padre? Questo libro descrive il cammino che l\u2019autore ha compiuto accompagnando il padre negli ultimi mesi di vita, e idealmente parla di tutti i pap\u00e0 e dei figli del mondo. \u201cL\u2019intero percorso \u00e8 durato due mesi esatti. E quando sono giunto a quel momento ho capito che la vera, la principale, l\u2019essenziale ragione per cui ho scritto tutto questo \u00e8 stato per accompagnarti davvero alla tua tomba. In quel momento ho capito che ti avevo seppellito per sempre e che potevo passare oltre con la mia vita. C\u2019eravamo tu e io. E io ti ho seppellito, pap\u00e0. Il figlio ha seppellito il padre, come \u00e8 giusto che sia, come \u00e8 nell\u2019ordine naturale delle cose che succedono. L\u2019intero processo \u00e8 terminato. Ora, a libro concluso, ti ho lasciato andare in maniera completa, lieta, serena e definitiva\u201d. Potrebbe &#8211; forse &#8211; essere inteso [\u2026] continua a leggere \u00bb\" \/>\n<meta property=\"og:url\" content=\"https:\/\/giannidavico.it\/ciapatravers\/anche-dal-silenzio-impari\/\" \/>\n<meta property=\"og:site_name\" content=\"Ciapatravers\" \/>\n<meta property=\"article:modified_time\" content=\"2018-10-03T07:16:08+00:00\" \/>\n<meta property=\"og:image\" content=\"https:\/\/giannidavico.it\/files\/2018\/04\/Anche-dal-silenzio-impari-201x300.jpg\" \/>\n<meta name=\"twitter:card\" content=\"summary_large_image\" \/>\n<meta name=\"twitter:label1\" content=\"Tempo di lettura stimato\" \/>\n\t<meta name=\"twitter:data1\" content=\"1 minuto\" \/>\n<script type=\"application\/ld+json\" class=\"yoast-schema-graph\">{\"@context\":\"https:\/\/schema.org\",\"@graph\":[{\"@type\":\"WebPage\",\"@id\":\"https:\/\/giannidavico.it\/ciapatravers\/anche-dal-silenzio-impari\/\",\"url\":\"https:\/\/giannidavico.it\/ciapatravers\/anche-dal-silenzio-impari\/\",\"name\":\"Anche dal silenzio impari - Ciapatravers\",\"isPartOf\":{\"@id\":\"https:\/\/giannidavico.it\/ciapatravers\/#website\"},\"datePublished\":\"2018-04-02T07:40:46+00:00\",\"dateModified\":\"2018-10-03T07:16:08+00:00\",\"inLanguage\":\"it-IT\",\"potentialAction\":[{\"@type\":\"ReadAction\",\"target\":[\"https:\/\/giannidavico.it\/ciapatravers\/anche-dal-silenzio-impari\/\"]}]},{\"@type\":\"WebSite\",\"@id\":\"https:\/\/giannidavico.it\/ciapatravers\/#website\",\"url\":\"https:\/\/giannidavico.it\/ciapatravers\/\",\"name\":\"Ciapatravers\",\"description\":\"Un ragazzo di mezza et\u00e0 che impara\",\"potentialAction\":[{\"@type\":\"SearchAction\",\"target\":{\"@type\":\"EntryPoint\",\"urlTemplate\":\"https:\/\/giannidavico.it\/ciapatravers\/?s={search_term_string}\"},\"query-input\":\"required name=search_term_string\"}],\"inLanguage\":\"it-IT\"}]}<\/script>\n<!-- \/ Yoast SEO plugin. -->","yoast_head_json":{"title":"Anche dal silenzio impari - Ciapatravers","robots":{"index":"index","follow":"follow","max-snippet":"max-snippet:-1","max-image-preview":"max-image-preview:large","max-video-preview":"max-video-preview:-1"},"canonical":"https:\/\/giannidavico.it\/ciapatravers\/anche-dal-silenzio-impari\/","og_locale":"it_IT","og_type":"article","og_title":"Anche dal silenzio impari - Ciapatravers","og_description":"Il 9 ottobre 2017 pap\u00e0, a 88 anni, si \u00e8 spento serenamente. Nei due mesi seguenti ho scritto un libro su di lui, che ha visto la luce il 30 marzo 2018. Dalla quarta di copertina: Che cosa ti pu\u00f2 insegnare la morte del tuo proprio padre? Questo libro descrive il cammino che l\u2019autore ha compiuto accompagnando il padre negli ultimi mesi di vita, e idealmente parla di tutti i pap\u00e0 e dei figli del mondo. \u201cL\u2019intero percorso \u00e8 durato due mesi esatti. E quando sono giunto a quel momento ho capito che la vera, la principale, l\u2019essenziale ragione per cui ho scritto tutto questo \u00e8 stato per accompagnarti davvero alla tua tomba. In quel momento ho capito che ti avevo seppellito per sempre e che potevo passare oltre con la mia vita. C\u2019eravamo tu e io. E io ti ho seppellito, pap\u00e0. Il figlio ha seppellito il padre, come \u00e8 giusto che sia, come \u00e8 nell\u2019ordine naturale delle cose che succedono. L\u2019intero processo \u00e8 terminato. Ora, a libro concluso, ti ho lasciato andare in maniera completa, lieta, serena e definitiva\u201d. Potrebbe &#8211; forse &#8211; essere inteso [\u2026] continua a leggere \u00bb","og_url":"https:\/\/giannidavico.it\/ciapatravers\/anche-dal-silenzio-impari\/","og_site_name":"Ciapatravers","article_modified_time":"2018-10-03T07:16:08+00:00","og_image":[{"url":"https:\/\/giannidavico.it\/files\/2018\/04\/Anche-dal-silenzio-impari-201x300.jpg"}],"twitter_card":"summary_large_image","twitter_misc":{"Tempo di lettura stimato":"1 minuto"},"schema":{"@context":"https:\/\/schema.org","@graph":[{"@type":"WebPage","@id":"https:\/\/giannidavico.it\/ciapatravers\/anche-dal-silenzio-impari\/","url":"https:\/\/giannidavico.it\/ciapatravers\/anche-dal-silenzio-impari\/","name":"Anche dal silenzio impari - Ciapatravers","isPartOf":{"@id":"https:\/\/giannidavico.it\/ciapatravers\/#website"},"datePublished":"2018-04-02T07:40:46+00:00","dateModified":"2018-10-03T07:16:08+00:00","inLanguage":"it-IT","potentialAction":[{"@type":"ReadAction","target":["https:\/\/giannidavico.it\/ciapatravers\/anche-dal-silenzio-impari\/"]}]},{"@type":"WebSite","@id":"https:\/\/giannidavico.it\/ciapatravers\/#website","url":"https:\/\/giannidavico.it\/ciapatravers\/","name":"Ciapatravers","description":"Un ragazzo di mezza et\u00e0 che impara","potentialAction":[{"@type":"SearchAction","target":{"@type":"EntryPoint","urlTemplate":"https:\/\/giannidavico.it\/ciapatravers\/?s={search_term_string}"},"query-input":"required name=search_term_string"}],"inLanguage":"it-IT"}]}},"_links":{"self":[{"href":"https:\/\/giannidavico.it\/ciapatravers\/wp-json\/wp\/v2\/pages\/271"}],"collection":[{"href":"https:\/\/giannidavico.it\/ciapatravers\/wp-json\/wp\/v2\/pages"}],"about":[{"href":"https:\/\/giannidavico.it\/ciapatravers\/wp-json\/wp\/v2\/types\/page"}],"author":[{"embeddable":true,"href":"https:\/\/giannidavico.it\/ciapatravers\/wp-json\/wp\/v2\/users\/4"}],"replies":[{"embeddable":true,"href":"https:\/\/giannidavico.it\/ciapatravers\/wp-json\/wp\/v2\/comments?post=271"}],"version-history":[{"count":6,"href":"https:\/\/giannidavico.it\/ciapatravers\/wp-json\/wp\/v2\/pages\/271\/revisions"}],"predecessor-version":[{"id":658,"href":"https:\/\/giannidavico.it\/ciapatravers\/wp-json\/wp\/v2\/pages\/271\/revisions\/658"}],"wp:attachment":[{"href":"https:\/\/giannidavico.it\/ciapatravers\/wp-json\/wp\/v2\/media?parent=271"}],"curies":[{"name":"wp","href":"https:\/\/api.w.org\/{rel}","templated":true}]}}