{"id":99,"date":"2010-03-16T15:21:51","date_gmt":"2010-03-16T15:21:51","guid":{"rendered":"https:\/\/giannidavico.it\/staging\/gopiedmont\/?page_id=99"},"modified":"2010-03-16T15:21:51","modified_gmt":"2010-03-16T15:21:51","slug":"licenza-creative-commons","status":"publish","type":"page","link":"https:\/\/giannidavico.it\/gopiedmont\/licenza-creative-commons\/","title":{"rendered":"Licenza Creative Commons"},"content":{"rendered":"<p><a href=\"\/\"><\/a><\/p>\n<div id=\"deed\">\n<div><strong>Attribuzione &#8211; Non opere derivate 2.5 (ITALIA)<\/strong><\/div>\n<div>\n<div>L\u2019ASSOCIAZIONE CREATIVE COMMONS (DI SEGUITO &#8220;CREATIVE COMMONS&#8221;) NON \u00c8 UNO STUDIO LEGALE E NON FORNISCE SERVIZI DI CONSULENZA LEGALE. LA DISTRIBUZIONE DI QUESTO MODELLO DI CONTRATTO DI LICENZA NON INSTAURA UN RAPPORTO AVVOCATO-CLIENTE. CREATIVE COMMONS FORNISCE INFORMAZIONI DA CONSIDERARSI \u201cCOSI\u2019 COME SONO\u201d. CREATIVE COMMONS NON PRESTA ALCUNA GARANZIA PER LE INFORMAZIONI FORNITE E SI ESIME DA OGNI RESPONSABILIT\u00c0 PER I DANNI DERIVANTI DALL\u2019USO DELLE STESSE.<\/div>\n<p><em>La Licenza<\/em><\/p>\n<p>L\u2019OPERA (COME SOTTO DEFINITA) \u00c8 MESSA A DISPOSIZIONE SULLA BASE DEI TERMINI DELLA PRESENTE LICENZA &#8220;CREATIVE COMMONS PUBLIC LICENCE&#8221; (&#8220;CCPL&#8221; O &#8220;LICENZA&#8221;). L\u2019OPERA \u00c8 PROTETTA DAL DIRITTO D\u2019AUTORE E\/O DALLE ALTRE LEGGI APPLICABILI. OGNI UTILIZZAZIONE DELL\u2019OPERA CHE NON SIA AUTORIZZATA AI SENSI DELLA PRESENTE LICENZA O DEL DIRITTO D\u2019AUTORE \u00c8 PROIBITA.<\/p>\n<p>CON IL SEMPLICE ESERCIZIO SULL\u2019OPERA DI UNO QUALUNQUE DEI DIRITTI QUI DI SEGUITO ELENCATI, TU ACCETTI E TI OBBLIGHI A RISPETTARE INTEGRALMENTE I TERMINI DELLA PRESENTE LICENZA AI SENSI DEL PUNTO 8.e. IL LICENZIANTE CONCEDE A TE I DIRITTI QUI DI SEGUITO ELENCATI A CONDIZIONE CHE TU ACCETTI DI RISPETTARE I TERMINI E LE CONDIZIONI DI CUI ALLA PRESENTE LICENZA.<\/p>\n<p><strong>1. Definizioni.<\/strong> Ai fini e per gli effetti della presente licenza, si intende per<\/p>\n<ol type=\"a\">\n<li><strong>&#8220;Collezione di Opere&#8221;<\/strong>, un\u2019opera, come un numero di un periodico, un\u2019antologia o un\u2019enciclopedia, nella quale l\u2019Opera nella sua interezza e forma originale, unitamente ad altri contributi costituenti loro stessi opere distinte ed autonome, sono raccolti in un\u2019unit\u00e0 collettiva. Un\u2019opera che costituisce Collezione di Opere non verr\u00e0 considerata Opera Derivata (come sotto definita) ai fini della presente Licenza;<\/li>\n<li><strong>&#8220;Opera Derivata&#8221;<\/strong>, un\u2019opera basata sull\u2019Opera ovvero sull\u2019Opera insieme con altre opere preesistenti, come una traduzione, un arrangiamento musicale, un adattamento teatrale, narrativo, cinematografico, una registrazione di suoni, una riproduzione d\u2019arte, un digesto, una sintesi, o ogni altra forma in cui l\u2019Opera possa essere riproposta, trasformata o adattata. Nel caso in cui un\u2019Opera tra quelle qui descritte costituisca gi\u00e0 Collezione di Opere, essa non sar\u00e0 considerata Opera Derivata ai fini della presente Licenza. Al fine di evitare dubbi \u00e8 inteso che, quando l\u2019Opera sia una composizione musicale o registrazione di suoni, la sincronizzazione dell\u2019Opera in relazione con un\u2019immagine in movimento (\u201csynching\u201d) sar\u00e0 considerata Opera Derivata ai fini di questa Licenza;<\/li>\n<li><strong>&#8220;Licenziante&#8221;<\/strong>, l\u2019individuo o l\u2019ente che offre l\u2019Opera secondo i termini e le condizioni della presente Licenza;<\/li>\n<li><strong>&#8220;Autore Originario&#8221;<\/strong>, il soggetto che ha creato l\u2019Opera;<\/li>\n<li><strong>&#8220;Opera&#8221;<\/strong>, l\u2019opera dell\u2019ingegno suscettibile di protezione in forza delle leggi sul diritto d\u2019autore, la cui utilizzazione \u00e8 offerta nel rispetto dei termini della presente Licenza;<\/li>\n<li><strong>&#8220;Tu&#8221;\/&#8221;Te&#8221;<\/strong>, l\u2019individuo o l\u2019ente che esercita i diritti derivanti dalla presente Licenza e che non abbia precedentemente violato i termini della presente Licenza relativi all\u2019Opera, o che, nonostante una precedente violazione degli stessi, abbia ricevuto espressa autorizzazione dal Licenziante all\u2019esercizio dei diritti derivanti dalla presente Licenza.<\/li>\n<\/ol>\n<p><strong>2. Libere utilizzazioni.<\/strong> La presente Licenza non intende in alcun modo ridurre, limitare o restringere alcun diritto di libera utilizzazione o l\u2019operare della regola dell\u2019esaurimento del diritto o altre limitazioni dei diritti esclusivi sull\u2019Opera derivanti dalla legge sul diritto d\u2019autore o da altre leggi applicabili.<\/p>\n<p><strong>3. Concessione della Licenza.<\/strong> Nel rispetto dei termini e delle condizioni contenute nella presente Licenza, il Licenziante concede a Te una licenza per tutto il mondo, gratuita, non esclusiva e perpetua (per la durata del diritto d\u2019autore applicabile) che autorizza ad esercitare i diritti sull\u2019Opera qui di seguito elencati:<\/p>\n<ol type=\"a\">\n<li>riproduzione dell\u2019Opera, incorporazione dell\u2019Opera in una o pi\u00f9 Collezioni di Opere e riproduzione dell\u2019Opera come incorporata nelle Collezioni di Opere;<\/li>\n<li>distribuzione di copie dell\u2019Opera o di supporti fonografici su cui l\u2019Opera \u00e8 registrata, comunicazione al pubblico, rappresentazione, esecuzione, recitazione o esposizione in pubblico, ivi inclusa la trasmissione audio digitale dell\u2019Opera, e ci\u00f2 anche quando l\u2019Opera sia incorporata in Collezioni di Opere.<\/li>\n<li>Al fine di evitare dubbi \u00e8 inteso che, se l\u2019Opera sia di tipo musicale\n<ol type=\"i\">\n<li><strong>Compensi per la comunicazione al pubblico o la rappresentazione o esecuzione di opere incluse in repertori.<\/strong> Il Licenziante rinuncia al diritto esclusivo di riscuotere compensi, personalmente o per il tramite di un ente di gestione collettiva (ad es. SIAE), per la comunicazione al pubblico o la rappresentazione o esecuzione, anche in forma digitale (ad es. tramite webcast) dell\u2019Opera.<\/li>\n<li><strong>Compensi per versioni cover.<\/strong> Il Licenziante rinuncia al diritto esclusivo di riscuotere compensi, personalmente o per il tramite di un ente di gestione collettiva (ad es. SIAE), per ogni disco che Tu crei e distribuisci a partire dall\u2019Opera (versione cover).<\/li>\n<\/ol>\n<\/li>\n<li><strong>Compensi per la comunicazione al pubblico dell\u2019Opera mediante fonogrammi.<\/strong> Al fine di evitare dubbi, \u00e8 inteso che se l\u2019Opera \u00e8 una registrazione di suoni, il Licenziante rinuncia al diritto esclusivo di riscuotere compensi, personalmente o per il tramite di un ente di gestione collettiva (ad es. IMAIE), per la comunicazione al pubblico dell\u2019Opera, anche in forma digitale.<\/li>\n<li><strong>Altri compensi previsti dalla legge italiana<\/strong>. Al fine di evitare dubbi, \u00e8 inteso che il Licenziante rinuncia al diritto esclusivo di riscuotere i compensi a lui attribuiti dalla legge italiana sul diritto d\u2019autore (ad es. per l\u2019inserimento dell\u2019Opera in un\u2019antologia ad uso scolastico ex art. 70 l. 633\/1941). Al Licenziante spettano in ogni caso i compensi irrinunciabili a lui attribuiti dalla medesima legge (ad es. l\u2019equo compenso spettante all\u2019autore di opere musicali, cinematografiche, audiovisive o di sequenze di immagini in movimento nel caso di noleggio ai sensi dell\u2019art. 18-bis l. 633\/1941).<\/li>\n<\/ol>\n<p>I diritti sopra descritti potranno essere esercitati con ogni mezzo di comunicazione e in tutti i formati. Tra i diritti di cui sopra si intende compreso il diritto di apportare all\u2019Opera le modifiche che si rendessero tecnicamente necessarie per l\u2019esercizio di detti diritti tramite altri mezzi di comunicazione o su altri formati, ma a parte questo non hai diritto di realizzare Opere Derivate. Tutti i diritti non espressamente concessi dal Licenziante rimangono riservati.<\/p>\n<p><strong>4. Restrizioni.<\/strong> La Licenza concessa in conformit\u00e0 al precedente punto 3 \u00e8 espressamente assoggettata a, e limitata da, le seguenti restrizioni:<\/p>\n<ol type=\"a\">\n<li>Tu puoi distribuire, comunicare al pubblico, rappresentare, eseguire, recitare o esporre in pubblico l\u2019Opera, anche in forma digitale, solo assicurando che i termini di cui alla presente Licenza siano rispettati e, insieme ad ogni copia dell\u2019Opera (o supporto fonografico su cui \u00e8 registrata l\u2019Opera) che distribuisci, comunichi al pubblico o rappresenti, esegui, reciti o esponi in pubblico, anche in forma digitale, devi includere una copia della presente Licenza o il suo Uniform Resource Identifier. Non puoi proporre o imporre alcuna condizione relativa all\u2019Opera che alteri o restringa i termini della presente Licenza o l\u2019esercizio da parte del beneficiario dei diritti qui concessi. Non puoi concedere l\u2019Opera in sublicenza. Devi mantenere intatte tutte le informative che si riferiscono alla presente Licenza ed all\u2019esclusione delle garanzie. Non puoi distribuire, comunicare al pubblico, rappresentare, eseguire, recitare o esporre in pubblico l\u2019Opera, neanche in forma digitale, usando misure tecnologiche miranti a controllare l\u2019accesso all\u2019Opera ovvero l\u2019uso dell\u2019Opera, in maniera incompatibile con i termini della presente Licenza. Quanto sopra si applica all\u2019Opera anche quando questa faccia parte di una Collezione di Opere, anche se ci\u00f2 non comporta che la Collezione di Opere di per s\u00e9 ed indipendentemente dall\u2019Opera stessa debba essere soggetta ai termini ed alle condizioni della presente Licenza. Qualora Tu crei una Collezione di Opere, su richiesta di qualsiasi Licenziante, devi rimuovere dalla Collezione di Opere stessa, ove materialmente possibile, ogni riferimento in accordo con quanto previsto dalla clausola 4.b, come da richiesta.<\/li>\n<li>Qualora Tu distribuisca, comunichi al pubblico, rappresenti, esegua, reciti o esponga in pubblico, anche in forma digitale, l\u2019Opera o Collezioni di Opere, devi mantenere intatte tutte le informative sul diritto d\u2019autore sull\u2019Opera. Devi riconoscere una menzione adeguata rispetto al mezzo di comunicazione o supporto che utilizzi: (i) all&#8217;Autore Originale (citando il suo nome o lo pseudonimo, se del caso), ove fornito; e\/o (ii) alle terze parti designate, se l&#8217;Autore Originale e\/o il Licenziante hanno designato una o pi\u00f9 terze parti (ad esempio, una istituzione finanziatrice, un ente editoriale) per l&#8217;attribuzione nell&#8217;informativa sul diritto d&#8217;autore del Licenziante o nei termini di servizio o con altri mezzi ragionevoli; il titolo dell\u2019Opera, ove fornito; nella misura in cui sia ragionevolmente possibile, l\u2019Uniform Resource Identifier, che il Licenziante specifichi dover essere associato con l\u2019Opera, salvo che tale URI non faccia alcun riferimento alla informazione di protezione di diritto d\u2019autore o non dia informazioni sulla licenza dell\u2019Opera. Tale menzione deve essere realizzata in qualsiasi maniera ragionevole possibile; in ogni caso, in ipotesi di Opera Derivata o Collezione di Opere, tale menzione deve quantomeno essere posta nel medesimo punto dove viene indicato il nome di altri autori di rilevanza paragonabile e con lo stesso risalto concesso alla menzione di altri autori di rilevanza paragonabile.<\/li>\n<\/ol>\n<p><strong>5. Dichiarazioni, Garanzie ed Esonero da responsabilit\u00e0<\/strong><\/p>\n<p>SALVO CHE SIA ESPRESSAMENTE CONVENUTO ALTRIMENTI PER ISCRITTO FRA LE PARTI, IL LICENZIANTE OFFRE L\u2019OPERA IN LICENZA \u201cCOSI\u2019 COM\u2019E\u2019\u201d E NON FORNISCE ALCUNA DICHIARAZIONE O GARANZIA DI QUALSIASI TIPO CON RIGUARDO AI MATERIALI, SIA ESSA ESPRESSA OD IMPLICITA, DI FONTE LEGALE O DI ALTRO TIPO, ESSENDO QUINDI ESCLUSE, FRA LE ALTRE, LE GARANZIE RELATIVE AL TITOLO, ALLA COMMERCIABILIT\u00c0, ALL\u2019IDONEIT\u00c0 PER UN FINE SPECIFICO E ALLA NON VIOLAZIONE DI DIRITTI DI TERZI O ALLA MANCANZA DI DIFETTI LATENTI O DI ALTRO TIPO, ALL\u2019ESATTEZZA OD ALLA PRESENZA DI ERRORI, SIANO ESSI ACCERTABILI O MENO. ALCUNE GIURISDIZIONI NON CONSENTONO L\u2019ESCLUSIONE DI GARANZIE IMPLICITE E QUINDI TALE ESCLUSIONE PU\u00d2 NON APPLICARSI A TE.<\/p>\n<p><strong>6. Limitazione di Responsabilit\u00e0. <\/strong>SALVI I LIMITI STABILITI DALLA LEGGE APPLICABILE, IL LICENZIANTE NON SAR\u00c0 IN ALCUN CASO RESPONSABILE NEI TUOI CONFRONTI A QUALUNQUE TITOLO PER ALCUN TIPO DI DANNO, SIA ESSO SPECIALE, INCIDENTALE, CONSEQUENZIALE, PUNITIVO OD ESEMPLARE, DERIVANTE DALLA PRESENTE LICENZA O DALL\u2019USO DELL\u2019OPERA, ANCHE NEL CASO IN CUI IL LICENZIANTE SIA STATO EDOTTO SULLA POSSIBILIT\u00c0 DI TALI DANNI. NESSUNA CLAUSOLA DI QUESTA LICENZA ESCLUDE O LIMITA LA RESPONSABILITA\u2019 NEL CASO IN CUI QUESTA DIPENDA DA DOLO O COLPA GRAVE.<\/p>\n<p><strong>7. Risoluzione<\/strong><\/p>\n<ol type=\"a\">\n<li>La presente Licenza si intender\u00e0 risolta di diritto e i diritti con essa concessi cesseranno automaticamente, senza necessit\u00e0 di alcuna comunicazione in tal senso da parte del Licenziante, in caso di qualsivoglia inadempimento dei termini della presente Licenza da parte Tua, ed in particolare delle disposizioni di cui ai punti 4.a e 4.b, essendo la presente Licenza condizionata risolutivamente al verificarsi di tali inadempimenti. In ogni caso, la risoluzione della presente Licenza non pregiudicher\u00e0 i diritti acquistati da individui o enti che abbiano acquistato da Te Collezioni di Opere, ai sensi della presente Licenza, a condizione che tali individui o enti continuino a rispettare integralmente le licenze di cui sono parte. Le sezioni 1, 2, 5, 6, 7 e 8 rimangono valide in presenza di qualsiasi risoluzione della presente Licenza.<\/li>\n<li>Sempre che vengano rispettati i termini e le condizioni di cui sopra, la presente Licenza \u00e8 perpetua (e concessa per tutta la durata del diritto d\u2019autore sull\u2019Opera applicabile). Nonostante ci\u00f2, il Licenziante si riserva il diritto di rilasciare l\u2019Opera sulla base dei termini di una differente licenza o di cessare la distribuzione dell\u2019Opera in qualsiasi momento; fermo restando che, in ogni caso, tali decisioni non comporteranno recesso dalla presente Licenza (o da qualsiasi altra licenza che sia stata concessa, o che sia richiesto che venga concessa, ai termini della presente Licenza), e la presente Licenza continuer\u00e0 ad avere piena efficacia, salvo che vi sia risoluzione come sopra indicato.<\/li>\n<\/ol>\n<p><strong>8. Varie<\/strong><\/p>\n<ol type=\"a\">\n<li>Ogni volta che Tu distribuisci, o rappresenti, esegui o reciti pubblicamente in forma digitale l\u2019Opera, il Licenziante offre al destinatario una licenza per l\u2019Opera nei medesimi termini e condizioni che a Te sono stati concessi dalla presente Licenza.<\/li>\n<li>L\u2019invalidit\u00e0 o l\u2019inefficacia, secondo la legge applicabile, di una o pi\u00f9 fra le disposizioni della presente Licenza, non comporter\u00e0 l\u2019invalidit\u00e0 o l\u2019inefficacia dei restanti termini e, senza bisogno di ulteriori azioni delle parti, le disposizioni invalide o inefficaci saranno da intendersi rettificate nei limiti della misura che sia indispensabile per renderle valide ed efficaci.<\/li>\n<li>In nessun caso i termini e le disposizioni di cui alla presente Licenza possono essere considerati rinunciati, n\u00e9 alcuna violazione pu\u00f2 essere considerata consentita, salvo che tale rinuncia o consenso risultino per iscritto da una dichiarazione firmata dalla parte contro cui operi tale rinuncia o consenso.<\/li>\n<li>La presente Licenza costituisce l\u2019intero accordo tra le parti relativamente all\u2019Opera qui data in licenza. Non esistono altre intese, accordi o dichiarazioni relative all\u2019Opera che non siano quelle qui specificate. Il Licenziante non sar\u00e0 vincolato ad alcuna altra disposizione addizionale che possa apparire in alcuna comunicazione da Te proveniente. La presente Licenza non pu\u00f2 essere modificata senza il mutuo consenso scritto del Licenziante e Tuo.<\/li>\n<li><strong>Clausola iCommons.<\/strong> Questa Licenza trova applicazione nel caso in cui l\u2019Opera sia utilizzata in Italia. Ove questo sia il caso, si applica anche il diritto d\u2019autore italiano. Negli altri casi le parti si obbligano a rispettare i termini dell\u2019attuale Licenza Creative Commons generica che corrisponde a questa Licenza Creative Commons iCommons.<\/li>\n<\/ol>\n<div>\n<p>Creative Commons non \u00e8 parte della presente Licenza e non d\u00e0 alcuna garanzia connessa all\u2019Opera. Creative Commons non \u00e8 responsabile nei Tuoi confronti o nei confronti di altre parti ad alcun titolo per alcun danno, incluso, senza limitazioni, qualsiasi danno generale. speciale, incidentale o consequenziale che sorga in connessione alla presente Licenza. Nonostante quanto previsto nelle due precedenti frasi, qualora Creative Commons espressamente identificasse se stesso quale Licenziante nei termini di cui al presente accordo, avr\u00e0 tutti i diritti e tutti gli obblighi del Licenziante.<\/p>\n<p>Salvo che per il solo scopo di indicare al pubblico che l\u2019Opera \u00e8 data in licenza secondo i termini della CCPL, nessuna parte potr\u00e0 utilizzare il marchio \u201cCreative Commons\u201d o qualsiasi altro marchio correlato, o il logo di Creative Commons, senza il preventivo consenso scritto di Creative Commons. Ogni uso consentito sar\u00e0 realizzato con l\u2019osservanza delle linee guida per l\u2019uso del marchio Creative Commons, in forza in quel momento, come di volta in volta pubblicate sul sito Internet di Creative Commons o altrimenti messe a disposizione a richiesta.<\/p>\n<p>Creative Commons pu\u00f2 essere contattata al sito <a href=\"http:\/\/creativecommons.org\">http:\/\/creativecommons.org\/<\/a>.<\/p>\n<\/div>\n<\/div>\n<div><a href=\".\/\"><\/a><\/div>\n<\/div>\n","protected":false},"excerpt":{"rendered":"<p><a href=\"\/\"><\/a><\/p>\n<p> <strong>Attribuzione &#8211; Non opere derivate 2.5 (ITALIA)<\/strong> L\u2019ASSOCIAZIONE CREATIVE COMMONS (DI SEGUITO &#8220;CREATIVE COMMONS&#8221;) NON \u00c8 UNO STUDIO LEGALE E NON FORNISCE SERVIZI DI CONSULENZA LEGALE. LA DISTRIBUZIONE DI QUESTO MODELLO DI CONTRATTO DI LICENZA NON INSTAURA UN RAPPORTO AVVOCATO-CLIENTE. CREATIVE COMMONS FORNISCE INFORMAZIONI DA CONSIDERARSI \u201cCOSI\u2019 COME SONO\u201d. CREATIVE COMMONS NON PRESTA ALCUNA GARANZIA PER LE INFORMAZIONI FORNITE E SI ESIME DA OGNI RESPONSABILIT\u00c0 PER I DANNI DERIVANTI DALL\u2019USO DELLE STESSE. <\/p>\n<p><em>La Licenza<\/em><\/p>\n<p>L\u2019OPERA (COME SOTTO DEFINITA) \u00c8 MESSA A DISPOSIZIONE SULLA BASE DEI TERMINI DELLA PRESENTE LICENZA &#8220;CREATIVE COMMONS PUBLIC LICENCE&#8221; (&#8220;CCPL&#8221; O &#8220;LICENZA&#8221;). L\u2019OPERA \u00c8 PROTETTA DAL DIRITTO D\u2019AUTORE E\/O DALLE ALTRE LEGGI APPLICABILI. OGNI UTILIZZAZIONE DELL\u2019OPERA CHE NON SIA AUTORIZZATA AI SENSI DELLA PRESENTE LICENZA O DEL DIRITTO D\u2019AUTORE \u00c8 PROIBITA.<\/p>\n<p>CON IL SEMPLICE ESERCIZIO SULL\u2019OPERA DI UNO QUALUNQUE DEI DIRITTI QUI DI SEGUITO ELENCATI, TU ACCETTI E TI OBBLIGHI A RISPETTARE INTEGRALMENTE I TERMINI DELLA PRESENTE LICENZA AI SENSI DEL PUNTO 8.e. IL LICENZIANTE CONCEDE A TE I DIRITTI QUI DI SEGUITO ELENCATI A CONDIZIONE CHE TU ACCETTI DI RISPETTARE I TERMINI E LE CONDIZIONI DI CUI ALLA PRESENTE LICENZA.<\/p>\n<p><strong>1. Definizioni.<\/strong> Ai fini e per gli effetti della presente licenza, si intende [\u2026] <a class=\"moretag\" href=\"https:\/\/giannidavico.it\/gopiedmont\/licenza-creative-commons\/\">continua a leggere \u00bb<\/a><\/p>\n","protected":false},"author":1,"featured_media":0,"parent":0,"menu_order":0,"comment_status":"open","ping_status":"open","template":"","meta":[],"yoast_head":"<!-- This site is optimized with the Yoast SEO plugin v19.14 - https:\/\/yoast.com\/wordpress\/plugins\/seo\/ -->\n<title>Licenza Creative Commons - Go Piedmont<\/title>\n<meta name=\"robots\" content=\"index, follow, max-snippet:-1, max-image-preview:large, max-video-preview:-1\" \/>\n<link rel=\"canonical\" href=\"https:\/\/giannidavico.it\/gopiedmont\/licenza-creative-commons\/\" \/>\n<meta property=\"og:locale\" content=\"it_IT\" \/>\n<meta property=\"og:type\" content=\"article\" \/>\n<meta property=\"og:title\" content=\"Licenza Creative Commons - Go Piedmont\" \/>\n<meta property=\"og:description\" content=\"Attribuzione &#8211; Non opere derivate 2.5 (ITALIA) L\u2019ASSOCIAZIONE CREATIVE COMMONS (DI SEGUITO &#8220;CREATIVE COMMONS&#8221;) NON \u00c8 UNO STUDIO LEGALE E NON FORNISCE SERVIZI DI CONSULENZA LEGALE. LA DISTRIBUZIONE DI QUESTO MODELLO DI CONTRATTO DI LICENZA NON INSTAURA UN RAPPORTO AVVOCATO-CLIENTE. CREATIVE COMMONS FORNISCE INFORMAZIONI DA CONSIDERARSI \u201cCOSI\u2019 COME SONO\u201d. CREATIVE COMMONS NON PRESTA ALCUNA GARANZIA PER LE INFORMAZIONI FORNITE E SI ESIME DA OGNI RESPONSABILIT\u00c0 PER I DANNI DERIVANTI DALL\u2019USO DELLE STESSE. La Licenza L\u2019OPERA (COME SOTTO DEFINITA) \u00c8 MESSA A DISPOSIZIONE SULLA BASE DEI TERMINI DELLA PRESENTE LICENZA &#8220;CREATIVE COMMONS PUBLIC LICENCE&#8221; (&#8220;CCPL&#8221; O &#8220;LICENZA&#8221;). L\u2019OPERA \u00c8 PROTETTA DAL DIRITTO D\u2019AUTORE E\/O DALLE ALTRE LEGGI APPLICABILI. OGNI UTILIZZAZIONE DELL\u2019OPERA CHE NON SIA AUTORIZZATA AI SENSI DELLA PRESENTE LICENZA O DEL DIRITTO D\u2019AUTORE \u00c8 PROIBITA. CON IL SEMPLICE ESERCIZIO SULL\u2019OPERA DI UNO QUALUNQUE DEI DIRITTI QUI DI SEGUITO ELENCATI, TU ACCETTI E TI OBBLIGHI A RISPETTARE INTEGRALMENTE I TERMINI DELLA PRESENTE LICENZA AI SENSI DEL PUNTO 8.e. IL LICENZIANTE CONCEDE A TE I DIRITTI QUI DI SEGUITO ELENCATI A CONDIZIONE CHE TU ACCETTI DI RISPETTARE I TERMINI E LE CONDIZIONI DI CUI ALLA PRESENTE LICENZA. 1. Definizioni. Ai fini e per gli effetti della presente licenza, si intende [\u2026] continua a leggere \u00bb\" \/>\n<meta property=\"og:url\" content=\"https:\/\/giannidavico.it\/gopiedmont\/licenza-creative-commons\/\" \/>\n<meta property=\"og:site_name\" content=\"Go Piedmont\" \/>\n<meta name=\"twitter:card\" content=\"summary_large_image\" \/>\n<meta name=\"twitter:label1\" content=\"Tempo di lettura stimato\" \/>\n\t<meta name=\"twitter:data1\" content=\"12 minuti\" \/>\n<script type=\"application\/ld+json\" class=\"yoast-schema-graph\">{\"@context\":\"https:\/\/schema.org\",\"@graph\":[{\"@type\":\"WebPage\",\"@id\":\"https:\/\/giannidavico.it\/gopiedmont\/licenza-creative-commons\/\",\"url\":\"https:\/\/giannidavico.it\/gopiedmont\/licenza-creative-commons\/\",\"name\":\"Licenza Creative Commons - Go Piedmont\",\"isPartOf\":{\"@id\":\"https:\/\/giannidavico.it\/gopiedmont\/#website\"},\"datePublished\":\"2010-03-16T15:21:51+00:00\",\"dateModified\":\"2010-03-16T15:21:51+00:00\",\"inLanguage\":\"it-IT\",\"potentialAction\":[{\"@type\":\"ReadAction\",\"target\":[\"https:\/\/giannidavico.it\/gopiedmont\/licenza-creative-commons\/\"]}]},{\"@type\":\"WebSite\",\"@id\":\"https:\/\/giannidavico.it\/gopiedmont\/#website\",\"url\":\"https:\/\/giannidavico.it\/gopiedmont\/\",\"name\":\"Go Piedmont\",\"description\":\"pens\u00e9 dzora l\u00ecber, event e p\u00ebrson-e grop\u00e0 al Piemont e a la lenga piemont\u00e8isa\",\"potentialAction\":[{\"@type\":\"SearchAction\",\"target\":{\"@type\":\"EntryPoint\",\"urlTemplate\":\"https:\/\/giannidavico.it\/gopiedmont\/?s={search_term_string}\"},\"query-input\":\"required name=search_term_string\"}],\"inLanguage\":\"it-IT\"}]}<\/script>\n<!-- \/ Yoast SEO plugin. -->","yoast_head_json":{"title":"Licenza Creative Commons - Go Piedmont","robots":{"index":"index","follow":"follow","max-snippet":"max-snippet:-1","max-image-preview":"max-image-preview:large","max-video-preview":"max-video-preview:-1"},"canonical":"https:\/\/giannidavico.it\/gopiedmont\/licenza-creative-commons\/","og_locale":"it_IT","og_type":"article","og_title":"Licenza Creative Commons - Go Piedmont","og_description":"Attribuzione &#8211; Non opere derivate 2.5 (ITALIA) L\u2019ASSOCIAZIONE CREATIVE COMMONS (DI SEGUITO &#8220;CREATIVE COMMONS&#8221;) NON \u00c8 UNO STUDIO LEGALE E NON FORNISCE SERVIZI DI CONSULENZA LEGALE. LA DISTRIBUZIONE DI QUESTO MODELLO DI CONTRATTO DI LICENZA NON INSTAURA UN RAPPORTO AVVOCATO-CLIENTE. CREATIVE COMMONS FORNISCE INFORMAZIONI DA CONSIDERARSI \u201cCOSI\u2019 COME SONO\u201d. CREATIVE COMMONS NON PRESTA ALCUNA GARANZIA PER LE INFORMAZIONI FORNITE E SI ESIME DA OGNI RESPONSABILIT\u00c0 PER I DANNI DERIVANTI DALL\u2019USO DELLE STESSE. La Licenza L\u2019OPERA (COME SOTTO DEFINITA) \u00c8 MESSA A DISPOSIZIONE SULLA BASE DEI TERMINI DELLA PRESENTE LICENZA &#8220;CREATIVE COMMONS PUBLIC LICENCE&#8221; (&#8220;CCPL&#8221; O &#8220;LICENZA&#8221;). L\u2019OPERA \u00c8 PROTETTA DAL DIRITTO D\u2019AUTORE E\/O DALLE ALTRE LEGGI APPLICABILI. OGNI UTILIZZAZIONE DELL\u2019OPERA CHE NON SIA AUTORIZZATA AI SENSI DELLA PRESENTE LICENZA O DEL DIRITTO D\u2019AUTORE \u00c8 PROIBITA. CON IL SEMPLICE ESERCIZIO SULL\u2019OPERA DI UNO QUALUNQUE DEI DIRITTI QUI DI SEGUITO ELENCATI, TU ACCETTI E TI OBBLIGHI A RISPETTARE INTEGRALMENTE I TERMINI DELLA PRESENTE LICENZA AI SENSI DEL PUNTO 8.e. IL LICENZIANTE CONCEDE A TE I DIRITTI QUI DI SEGUITO ELENCATI A CONDIZIONE CHE TU ACCETTI DI RISPETTARE I TERMINI E LE CONDIZIONI DI CUI ALLA PRESENTE LICENZA. 1. Definizioni. Ai fini e per gli effetti della presente licenza, si intende [\u2026] continua a leggere \u00bb","og_url":"https:\/\/giannidavico.it\/gopiedmont\/licenza-creative-commons\/","og_site_name":"Go Piedmont","twitter_card":"summary_large_image","twitter_misc":{"Tempo di lettura stimato":"12 minuti"},"schema":{"@context":"https:\/\/schema.org","@graph":[{"@type":"WebPage","@id":"https:\/\/giannidavico.it\/gopiedmont\/licenza-creative-commons\/","url":"https:\/\/giannidavico.it\/gopiedmont\/licenza-creative-commons\/","name":"Licenza Creative Commons - Go Piedmont","isPartOf":{"@id":"https:\/\/giannidavico.it\/gopiedmont\/#website"},"datePublished":"2010-03-16T15:21:51+00:00","dateModified":"2010-03-16T15:21:51+00:00","inLanguage":"it-IT","potentialAction":[{"@type":"ReadAction","target":["https:\/\/giannidavico.it\/gopiedmont\/licenza-creative-commons\/"]}]},{"@type":"WebSite","@id":"https:\/\/giannidavico.it\/gopiedmont\/#website","url":"https:\/\/giannidavico.it\/gopiedmont\/","name":"Go Piedmont","description":"pens\u00e9 dzora l\u00ecber, event e p\u00ebrson-e grop\u00e0 al Piemont e a la lenga piemont\u00e8isa","potentialAction":[{"@type":"SearchAction","target":{"@type":"EntryPoint","urlTemplate":"https:\/\/giannidavico.it\/gopiedmont\/?s={search_term_string}"},"query-input":"required name=search_term_string"}],"inLanguage":"it-IT"}]}},"_links":{"self":[{"href":"https:\/\/giannidavico.it\/gopiedmont\/wp-json\/wp\/v2\/pages\/99"}],"collection":[{"href":"https:\/\/giannidavico.it\/gopiedmont\/wp-json\/wp\/v2\/pages"}],"about":[{"href":"https:\/\/giannidavico.it\/gopiedmont\/wp-json\/wp\/v2\/types\/page"}],"author":[{"embeddable":true,"href":"https:\/\/giannidavico.it\/gopiedmont\/wp-json\/wp\/v2\/users\/1"}],"replies":[{"embeddable":true,"href":"https:\/\/giannidavico.it\/gopiedmont\/wp-json\/wp\/v2\/comments?post=99"}],"version-history":[{"count":2,"href":"https:\/\/giannidavico.it\/gopiedmont\/wp-json\/wp\/v2\/pages\/99\/revisions"}],"predecessor-version":[{"id":101,"href":"https:\/\/giannidavico.it\/gopiedmont\/wp-json\/wp\/v2\/pages\/99\/revisions\/101"}],"wp:attachment":[{"href":"https:\/\/giannidavico.it\/gopiedmont\/wp-json\/wp\/v2\/media?parent=99"}],"curies":[{"name":"wp","href":"https:\/\/api.w.org\/{rel}","templated":true}]}}