{"id":1252,"date":"2017-01-23T11:37:31","date_gmt":"2017-01-23T11:37:31","guid":{"rendered":"https:\/\/giannidavico.it\/staging\/?page_id=1252"},"modified":"2022-01-26T20:42:26","modified_gmt":"2022-01-26T20:42:26","slug":"sembraieri","status":"publish","type":"page","link":"https:\/\/giannidavico.it\/staging\/sembraieri\/","title":{"rendered":"Sembraieri"},"content":{"rendered":"<p><strong><a href=\"https:\/\/giannidavico.it\/staging\/gopiedmont\/2008\/04\/30\/coumboscuro-el-piemonteis-ij-piemonteis-jautri-piemonteis\/\">Il mio primo post in un blog<\/a><\/strong> risale ad aprile 2008. \u00c8 passato molto tempo da allora: esperienze, vittorie e sconfitte, capelli grigi e cos\u00ec via. Col tempo mi sono accorto che anche i blog, di per s\u00e9, hanno una vita: nascono, si sviluppano &#8211; e poi arriva un momento in cui dentro di te avverti che sono conclusi, che hanno detto quel che dovevano dire, che non c&#8217;\u00e8 pi\u00f9 nulla da aggiungere. D&#8217;altra parte i miei scritti sono &#8211; da sempre &#8211; figlioletti miei, che desidero conservare. Allora questa sezione raccoglie i progetti conclusi:<\/p>\n<p>&#8211; <strong><a href=\"https:\/\/giannidavico.it\/staging\/brainfood\/\">Brainfood<\/a><\/strong> (novembre 2008 &#8211; dicembre 2016), ovvero lo strumento che per anni ho considerato &#8220;principe&#8221; dei miei scritti, quello dove ho riversato le maggiori energie e passioni, il &#8220;figlio&#8221; de <em>L&#8217;industria della traduzione<\/em> che ha dato l&#8217;abbrivio a <em>La vita 2.0<\/em>;<\/p>\n<p>&#8211; <strong><a href=\"https:\/\/giannidavico.it\/staging\/gopiedmont\/\">GoPiedmont<\/a><\/strong> (aprile 2008 &#8211; dicembre 2016), che \u00e8 il mio canto d&#8217;amore per la mia lingua materna (&#8220;A mio lingua h\u00e8 cantu&#8221;, per dirla con i Muvrini);<\/p>\n<p>&#8211; <strong><a href=\"https:\/\/giannidavico.it\/staging\/blog\/author\/giannidavico\/\">La vita 2.0<\/a><\/strong> (aprile 2011 &#8211; maggio 2013), il mio blog su &#8220;il Cambiamento&#8221;, che era stato pensato come ampliamento e approfondimento dei temi del <strong><a href=\"https:\/\/giannidavico.it\/staging\/brainfood\/la-vita-2-0\/\">libro<\/a><\/strong>.<\/p>\n","protected":false},"excerpt":{"rendered":"<p><strong><a href=\"https:\/\/giannidavico.it\/staging\/gopiedmont\/2008\/04\/30\/coumboscuro-el-piemonteis-ij-piemonteis-jautri-piemonteis\/\">Il mio primo post in un blog<\/a><\/strong> risale ad aprile 2008. \u00c8 passato molto tempo da allora: esperienze, vittorie e sconfitte, capelli grigi e cos\u00ec via. Col tempo mi sono accorto che anche i blog, di per s\u00e9, hanno una vita: nascono, si sviluppano &#8211; e poi arriva un momento in cui dentro di te avverti che sono conclusi, che hanno detto quel che dovevano dire, che non c&#8217;\u00e8 pi\u00f9 nulla da aggiungere. D&#8217;altra parte i miei scritti sono &#8211; da sempre &#8211; figlioletti miei, che desidero conservare. Allora questa sezione raccoglie i progetti conclusi:<\/p>\n<p>&#8211; <strong><a href=\"https:\/\/giannidavico.it\/staging\/brainfood\/\">Brainfood<\/a><\/strong> (novembre 2008 &#8211; dicembre 2016), ovvero lo strumento che per anni ho considerato &#8220;principe&#8221; dei miei scritti, quello dove ho riversato le maggiori energie e passioni, il &#8220;figlio&#8221; de <em>L&#8217;industria della traduzione<\/em> che ha dato l&#8217;abbrivio a <em>La vita 2.0<\/em>;<\/p>\n<p>&#8211; <strong><a href=\"https:\/\/giannidavico.it\/staging\/gopiedmont\/\">GoPiedmont<\/a><\/strong> (aprile 2008 &#8211; dicembre 2016), che \u00e8 il mio canto d&#8217;amore per la mia lingua materna (&#8220;A mio lingua h\u00e8 cantu&#8221;, per dirla con i Muvrini);<\/p>\n<p>&#8211; <strong><a href=\"https:\/\/giannidavico.it\/staging\/blog\/author\/giannidavico\/\">La vita 2.0<\/a><\/strong> (aprile 2011 &#8211; maggio 2013), il mio blog su &#8220;il Cambiamento&#8221;, che era stato pensato come ampliamento e approfondimento dei temi del <strong><a href=\"https:\/\/giannidavico.it\/staging\/brainfood\/la-vita-2-0\/\">libro<\/a><\/strong>.<\/p>\n","protected":false},"author":5,"featured_media":0,"parent":0,"menu_order":0,"comment_status":"closed","ping_status":"closed","template":"","meta":[],"yoast_head":"<!-- This site is optimized with the Yoast SEO plugin v18.3 - https:\/\/yoast.com\/wordpress\/plugins\/seo\/ -->\n<title>Sembraieri - Gianni Davico<\/title>\n<meta name=\"robots\" content=\"index, follow, max-snippet:-1, max-image-preview:large, max-video-preview:-1\" \/>\n<link rel=\"canonical\" href=\"https:\/\/giannidavico.it\/staging\/sembraieri\/\" \/>\n<meta property=\"og:locale\" content=\"it_IT\" \/>\n<meta property=\"og:type\" content=\"article\" \/>\n<meta property=\"og:title\" content=\"Sembraieri - Gianni Davico\" \/>\n<meta property=\"og:description\" content=\"Il mio primo post in un blog risale ad aprile 2008. \u00c8 passato molto tempo da allora: esperienze, vittorie e sconfitte, capelli grigi e cos\u00ec via. Col tempo mi sono accorto che anche i blog, di per s\u00e9, hanno una vita: nascono, si sviluppano &#8211; e poi arriva un momento in cui dentro di te avverti che sono conclusi, che hanno detto quel che dovevano dire, che non c&#8217;\u00e8 pi\u00f9 nulla da aggiungere. D&#8217;altra parte i miei scritti sono &#8211; da sempre &#8211; figlioletti miei, che desidero conservare. Allora questa sezione raccoglie i progetti conclusi: &#8211; Brainfood (novembre 2008 &#8211; dicembre 2016), ovvero lo strumento che per anni ho considerato &#8220;principe&#8221; dei miei scritti, quello dove ho riversato le maggiori energie e passioni, il &#8220;figlio&#8221; de L&#8217;industria della traduzione che ha dato l&#8217;abbrivio a La vita 2.0; &#8211; GoPiedmont (aprile 2008 &#8211; dicembre 2016), che \u00e8 il mio canto d&#8217;amore per la mia lingua materna (&#8220;A mio lingua h\u00e8 cantu&#8221;, per dirla con i Muvrini); &#8211; La vita 2.0 (aprile 2011 &#8211; maggio 2013), il mio blog su &#8220;il Cambiamento&#8221;, che era stato pensato come ampliamento e approfondimento dei temi del libro.\" \/>\n<meta property=\"og:url\" content=\"https:\/\/giannidavico.it\/staging\/sembraieri\/\" \/>\n<meta property=\"og:site_name\" content=\"Gianni Davico\" \/>\n<meta property=\"article:modified_time\" content=\"2022-01-26T20:42:26+00:00\" \/>\n<meta name=\"twitter:card\" content=\"summary\" \/>\n<meta name=\"twitter:label1\" content=\"Tempo di lettura stimato\" \/>\n\t<meta name=\"twitter:data1\" content=\"2 minuti\" \/>\n<script type=\"application\/ld+json\" class=\"yoast-schema-graph\">{\"@context\":\"https:\/\/schema.org\",\"@graph\":[{\"@type\":\"WebSite\",\"@id\":\"https:\/\/giannidavico.it\/staging\/#website\",\"url\":\"https:\/\/giannidavico.it\/staging\/\",\"name\":\"Gianni Davico\",\"description\":\"camminare, respirare, scrivere\",\"potentialAction\":[{\"@type\":\"SearchAction\",\"target\":{\"@type\":\"EntryPoint\",\"urlTemplate\":\"https:\/\/giannidavico.it\/staging\/?s={search_term_string}\"},\"query-input\":\"required name=search_term_string\"}],\"inLanguage\":\"it-IT\"},{\"@type\":\"WebPage\",\"@id\":\"https:\/\/giannidavico.it\/staging\/sembraieri\/#webpage\",\"url\":\"https:\/\/giannidavico.it\/staging\/sembraieri\/\",\"name\":\"Sembraieri - Gianni Davico\",\"isPartOf\":{\"@id\":\"https:\/\/giannidavico.it\/staging\/#website\"},\"datePublished\":\"2017-01-23T11:37:31+00:00\",\"dateModified\":\"2022-01-26T20:42:26+00:00\",\"breadcrumb\":{\"@id\":\"https:\/\/giannidavico.it\/staging\/sembraieri\/#breadcrumb\"},\"inLanguage\":\"it-IT\",\"potentialAction\":[{\"@type\":\"ReadAction\",\"target\":[\"https:\/\/giannidavico.it\/staging\/sembraieri\/\"]}]},{\"@type\":\"BreadcrumbList\",\"@id\":\"https:\/\/giannidavico.it\/staging\/sembraieri\/#breadcrumb\",\"itemListElement\":[{\"@type\":\"ListItem\",\"position\":1,\"name\":\"Home\",\"item\":\"https:\/\/giannidavico.it\/staging\/\"},{\"@type\":\"ListItem\",\"position\":2,\"name\":\"Sembraieri\"}]}]}<\/script>\n<!-- \/ Yoast SEO plugin. -->","yoast_head_json":{"title":"Sembraieri - Gianni Davico","robots":{"index":"index","follow":"follow","max-snippet":"max-snippet:-1","max-image-preview":"max-image-preview:large","max-video-preview":"max-video-preview:-1"},"canonical":"https:\/\/giannidavico.it\/staging\/sembraieri\/","og_locale":"it_IT","og_type":"article","og_title":"Sembraieri - Gianni Davico","og_description":"Il mio primo post in un blog risale ad aprile 2008. \u00c8 passato molto tempo da allora: esperienze, vittorie e sconfitte, capelli grigi e cos\u00ec via. Col tempo mi sono accorto che anche i blog, di per s\u00e9, hanno una vita: nascono, si sviluppano &#8211; e poi arriva un momento in cui dentro di te avverti che sono conclusi, che hanno detto quel che dovevano dire, che non c&#8217;\u00e8 pi\u00f9 nulla da aggiungere. D&#8217;altra parte i miei scritti sono &#8211; da sempre &#8211; figlioletti miei, che desidero conservare. Allora questa sezione raccoglie i progetti conclusi: &#8211; Brainfood (novembre 2008 &#8211; dicembre 2016), ovvero lo strumento che per anni ho considerato &#8220;principe&#8221; dei miei scritti, quello dove ho riversato le maggiori energie e passioni, il &#8220;figlio&#8221; de L&#8217;industria della traduzione che ha dato l&#8217;abbrivio a La vita 2.0; &#8211; GoPiedmont (aprile 2008 &#8211; dicembre 2016), che \u00e8 il mio canto d&#8217;amore per la mia lingua materna (&#8220;A mio lingua h\u00e8 cantu&#8221;, per dirla con i Muvrini); &#8211; La vita 2.0 (aprile 2011 &#8211; maggio 2013), il mio blog su &#8220;il Cambiamento&#8221;, che era stato pensato come ampliamento e approfondimento dei temi del libro.","og_url":"https:\/\/giannidavico.it\/staging\/sembraieri\/","og_site_name":"Gianni Davico","article_modified_time":"2022-01-26T20:42:26+00:00","twitter_card":"summary","twitter_misc":{"Tempo di lettura stimato":"2 minuti"},"schema":{"@context":"https:\/\/schema.org","@graph":[{"@type":"WebSite","@id":"https:\/\/giannidavico.it\/staging\/#website","url":"https:\/\/giannidavico.it\/staging\/","name":"Gianni Davico","description":"camminare, respirare, scrivere","potentialAction":[{"@type":"SearchAction","target":{"@type":"EntryPoint","urlTemplate":"https:\/\/giannidavico.it\/staging\/?s={search_term_string}"},"query-input":"required name=search_term_string"}],"inLanguage":"it-IT"},{"@type":"WebPage","@id":"https:\/\/giannidavico.it\/staging\/sembraieri\/#webpage","url":"https:\/\/giannidavico.it\/staging\/sembraieri\/","name":"Sembraieri - Gianni Davico","isPartOf":{"@id":"https:\/\/giannidavico.it\/staging\/#website"},"datePublished":"2017-01-23T11:37:31+00:00","dateModified":"2022-01-26T20:42:26+00:00","breadcrumb":{"@id":"https:\/\/giannidavico.it\/staging\/sembraieri\/#breadcrumb"},"inLanguage":"it-IT","potentialAction":[{"@type":"ReadAction","target":["https:\/\/giannidavico.it\/staging\/sembraieri\/"]}]},{"@type":"BreadcrumbList","@id":"https:\/\/giannidavico.it\/staging\/sembraieri\/#breadcrumb","itemListElement":[{"@type":"ListItem","position":1,"name":"Home","item":"https:\/\/giannidavico.it\/staging\/"},{"@type":"ListItem","position":2,"name":"Sembraieri"}]}]}},"_links":{"self":[{"href":"https:\/\/giannidavico.it\/staging\/wp-json\/wp\/v2\/pages\/1252"}],"collection":[{"href":"https:\/\/giannidavico.it\/staging\/wp-json\/wp\/v2\/pages"}],"about":[{"href":"https:\/\/giannidavico.it\/staging\/wp-json\/wp\/v2\/types\/page"}],"author":[{"embeddable":true,"href":"https:\/\/giannidavico.it\/staging\/wp-json\/wp\/v2\/users\/5"}],"replies":[{"embeddable":true,"href":"https:\/\/giannidavico.it\/staging\/wp-json\/wp\/v2\/comments?post=1252"}],"version-history":[{"count":6,"href":"https:\/\/giannidavico.it\/staging\/wp-json\/wp\/v2\/pages\/1252\/revisions"}],"predecessor-version":[{"id":1309,"href":"https:\/\/giannidavico.it\/staging\/wp-json\/wp\/v2\/pages\/1252\/revisions\/1309"}],"wp:attachment":[{"href":"https:\/\/giannidavico.it\/staging\/wp-json\/wp\/v2\/media?parent=1252"}],"curies":[{"name":"wp","href":"https:\/\/api.w.org\/{rel}","templated":true}]}}