{"id":2,"date":"2010-03-12T14:17:07","date_gmt":"2010-03-12T14:17:07","guid":{"rendered":""},"modified":"2022-03-04T18:41:53","modified_gmt":"2022-03-04T18:41:53","slug":"about","status":"publish","type":"page","link":"https:\/\/giannidavico.it\/staging\/","title":{"rendered":"Chi sono"},"content":{"rendered":"<p><a href=\"https:\/\/giannidavico.it\/staging\/files\/2017\/09\/IMG_5716.jpg\"><img loading=\"lazy\" class=\"alignleft size-medium wp-image-1188\" src=\"https:\/\/giannidavico.it\/staging\/files\/2017\/09\/IMG_5716.jpg\" alt=\"Gianni\" width=\"300\" height=\"225\" \/><\/a><\/p>\n<p>I cinquant&#8217;anni che <del>si avvicinano a passi velocissimi<\/del> mi hanno raggiunto ma non colto di sorpresa, due figlie in piena crescita (il mestiere pi\u00f9 appassionante), il <strong><a href=\"\/campopratica\">golf<\/a><\/strong> (la mia seconda professione), il mio <strong><a href=\"\/ciapatravers\">diario pubblico<\/a><\/strong>. E le <strong><a href=\"https:\/\/www.tesietesti.it\">traduzioni per aziende<\/a><\/strong>, ovviamente.<\/p>\n<p>Le traduzioni tecniche, legali e di marketing sono di fatto l&#8217;unico mestiere di cui mi sia mai occupato. In passato (tanti anni fa, invero) volevo capire come funziona l&#8217;industria della traduzione. Un risultato fu il mio <strong><a href=\"https:\/\/tesietesti.it\/libro\/\">secondo libro<\/a><\/strong>, e poi diverse conferenze; non le ricordo tutte, ma tra quelle di cui ho memorie pi\u00f9 care ci sono Bologna (2008), Roma (2009), <strong><a href=\"https:\/\/giannidavico.it\/staging\/brainfood\/2008\/12\/03\/vendor-management-is-the-name-of-the-game\/\">Santiago del Cile<\/a><\/strong>, <strong><a href=\"https:\/\/giannidavico.it\/staging\/brainfood\/2009\/06\/11\/austin-alc-i-materiali\/\">Austin<\/a><\/strong>, Pisa (<strong><a title=\"Dopo Pisa\" href=\"https:\/\/giannidavico.it\/staging\/brainfood\/2011\/03\/28\/dopo-pisa\/\">qui<\/a><\/strong> e <strong><a title=\"Nel laboratorio di un traduttore\" href=\"https:\/\/sabrinatursi.files.wordpress.com\/2012\/07\/brochure-informativa-laboratorio-di-un-traduttore.pdf\" target=\"_blank\" rel=\"noopener\">qui<\/a><\/strong>), Torino (<strong><a title=\"Parlare stanca\" href=\"https:\/\/giannidavico.it\/staging\/brainfood\/2011\/12\/05\/parlare-stanca\/\">qui<\/a><\/strong> e <strong><a title=\"L\u2019industria della traduzione in Italia. Prospettive di lavoro e opportunit\u00e0\" href=\"https:\/\/giannidavico.it\/staging\/brainfood\/2011\/12\/26\/lindustria-della-traduzione-in-italia-prospettive-di-lavoro-e-opportunita\/\">qui<\/a><\/strong>), <strong><a title=\"Nel laboratorio di un traduttore\" href=\"https:\/\/sabrinatursi.wordpress.com\/2012\/01\/26\/nel-laboratorio-di-un-traduttore\/\" target=\"_blank\" rel=\"noopener\">Milano<\/a><\/strong>. Nel 2014 ho dato il mio contributo a questo <strong><a title=\"Traduttori si diventa\" href=\"https:\/\/stl-formazione.it\/2014\/07\/06\/traduttori-si-diventa-corso-on-line-per-aspiranti-traduttori\/\" target=\"_blank\" rel=\"noopener\">corso online per aspiranti traduttori<\/a><\/strong>.<\/p>\n<p>A trentadue anni mi ero dato l&#8217;obiettivo di arrivare entro i quaranta a tenere una conferenza in inglese negli Stati Uniti. Una volta raggiuntolo ho pensato che poteva bastare.\u00a0E col tempo ho ampliato i temi della mia scrittura: a fine 2010 ho pubblicato (a mie spese, perch\u00e9 nessun editore lo voleva) un altro libro &#8211; <i>La vita 2.0<\/i> &#8211; che parla di felicit\u00e0, fortuna e successo, anche quando applicati al lavoro. Il volume costa 16 euro, spese di spedizione incluse, ed \u00e8 <strong><a href=\"https:\/\/giannidavico.it\/staging\/brainfood\/la-vita-2-0\/\">ordinabile qui<\/a><\/strong>.<\/p>\n<p>Il 9 ottobre 2017 pap\u00e0, a 88 anni, si \u00e8 spento serenamente. Nei due mesi seguenti ho scritto <strong><a href=\"https:\/\/giannidavico.it\/staging\/ciapatravers\/anche-dal-silenzio-impari\/\">un libro su di lui<\/a><\/strong>, che ha visto la luce il 30 marzo 2018. Il volume \u00e8 inteso a mo&#8217; di consolazione per chi ha da poco perduto un genitore e costa 14 euro spese incluse.<\/p>\n<p>L&#8217;8 maggio 2019 ho pubblicato <strong><a href=\"https:\/\/www.amazon.it\/Campo-pratica-diventare-golfista-migliore\/dp\/8867290681\/&amp;tag=giandavi-21\" target=\"_blank\" rel=\"noopener\"><em>Campo pratica. Come diventare il golfista migliore che c&#8217;\u00e8 in te<\/em><\/a><\/strong>, un libro &#8211; arricchito dai preziosi contributi di Andrea De Giorgio, Franco Iacovitti e Roberto Cadonati &#8211; che ha l&#8217;obiettivo di fornire spunti utili per una pratica golfistica anche divertente ma soprattutto diretta al punto.<\/p>\n<p>Da qualche tempo, oltre a gestire progetti di traduzione mi occupo anche dei libri degli altri, per dirla <em>\u00e0 la Calvino<\/em>: ovvero curo dei progetti di scrittura per conto terzi. Tutte le informazioni sono su <strong><a title=\"My Ghostwriting\" href=\"https:\/\/myghostwriting.it\/\">MyGhostwriting.it<\/a><\/strong>.<\/p>\n<p>Per tanti anni ho tenuto qui tre blog:<\/p>\n<p>&#8211; <strong><a href=\"\/brainfood\">Brainfood<\/a><\/strong> (traduzioni e filosofia spicciola: ogni luned\u00ec del mondo, dall&#8217;11 ottobre 2010 al 26 dicembre 2016, ho aggiunto un post al blog);<\/p>\n<p>[<strong><a href=\"https:\/\/www.ilcambiamento.it\/articoli\/vita_2_0_intervista_davico\" target=\"_blank\" rel=\"noopener\">qui<\/a><\/strong> un&#8217;intervista di Daniel Tarozzi, all&#8217;epoca direttore de &#8220;il Cambiamento&#8221; &#8211; <strong><a href=\"https:\/\/www.italiachecambia.org\/2016\/01\/io-faccio-cosi-103-lavorare-meno-riprendersi-tempo-gianni-davico\/\" target=\"_blank\" rel=\"noopener\">qui<\/a><\/strong> l&#8217;articolo di Paolo Cignini]<\/p>\n<p>[su questi argomenti ho tenuto per oltre due anni un blog &#8211; <em>La vita 2.0<\/em>, avrebbe potuto chiamarsi altrimenti? &#8211; su <strong><a href=\"https:\/\/www.ilcambiamento.it\/\" target=\"_blank\" rel=\"noopener\">&#8220;il Cambiamento&#8221;<\/a><\/strong>; tutti gli articoli del progetto si trovano ora <strong><a href=\"https:\/\/giannidavico.it\/staging\/blog\/author\/giannidavico\/\">qui<\/a><\/strong>]<\/p>\n<p>&#8211; <strong><a href=\"\/campopratica\">Campo pratica<\/a><\/strong> (golf &#8211; ho inserito un articolo in questo blog ogni venerd\u00ec del mondo dal 12 novembre 2010 al 23 dicembre 2016);<\/p>\n<p>[parlando di golf, ho una pagina regolare su <strong><a title=\"Golf Italia\" href=\"https:\/\/golfitalia.com\/\" target=\"_blank\" rel=\"noopener\">&#8220;Golf Italia&#8221;<\/a><\/strong>, rivista sulla quale recensisco due libri di golf a numero, e una rubrica su <strong><a title=\"WeGolfers\" href=\"https:\/\/wegolfers.net\/index.php\/gianni-davico\/\" target=\"_blank\" rel=\"noopener\">WeGolfers<\/a><\/strong>]<\/p>\n<p>&#8211; <strong><a href=\"\/gopiedmont\">GoPiedmont<\/a><\/strong> (lingua e cultura piemontesi: questo blog \u00e8 stato aggiornato tutti mercoled\u00ec del mondo dal 10 novembre 2010 al 21 dicembre 2016).<\/p>\n<p>[piemontese: ho tenuto per due anni e mezzo una pagina sul bimestrale &#8220;il Musichieri&#8221;, <em>GoPiedmont<\/em>]<\/p>\n<p>Poi, la perdita dell&#8217;amico mio pi\u00f9 caro, avvenuta poco prima del Natale 2016, ha segnato uno iato profondo in me. Improvvisamente mi \u00e8 sembrato tutto inutile, tutto vano e forse anche un poco irrispettoso. Ho interrotto quindi quei tre &#8220;canali&#8221;.<\/p>\n<p>Il 2 febbraio 2017 ho dato avvio a <strong><a href=\"\/ciapatravers\">Ciapatravers<\/a><\/strong>, il diario pubblico di un ragazzo cinquantenne che impara, nel solco delle idee e degli ideali di Batista. E questo perch\u00e9 credo abbia ragione Eduardo: &#8220;Piccer\u00ec, a pass\u00e0 nun passa, ci si abitua&#8221;. Per lo stesso motivo ho ripreso a scrivere su <strong><a href=\"\/campopratica\">Campo pratica<\/a><\/strong>. In entrambi i casi senza la maniacale puntualit\u00e0 di prima (Montale: &#8220;N\u00e9 pi\u00f9 mi occorrono \/ le coincidenze, le prenotazioni, \/ le trappole, gli scorni di chi crede \/ che la realt\u00e0 sia quella che si vede&#8221;); ma scrivo ogni volta che ho qualcosa da trasmettere, o anche semplicemente da dire.<\/p>\n<p>Io procedo per la mia strada tranquillo. Vuoi fare un pezzo di strada con me?<\/p>\n","protected":false},"excerpt":{"rendered":"<p><a href=\"https:\/\/giannidavico.it\/staging\/files\/2017\/09\/IMG_5716.jpg\"><img loading=\"lazy\" class=\"alignleft size-medium wp-image-1188\" src=\"https:\/\/giannidavico.it\/staging\/files\/2017\/09\/IMG_5716.jpg\" alt=\"Gianni\" width=\"300\" height=\"225\" \/><\/a><\/p>\n<p>I cinquant&#8217;anni che si avvicinano a passi velocissimi mi hanno raggiunto ma non colto di sorpresa, due figlie in piena crescita (il mestiere pi\u00f9 appassionante), il <strong><a href=\"\/campopratica\">golf<\/a><\/strong> (la mia seconda professione), il mio <strong><a href=\"\/ciapatravers\">diario pubblico<\/a><\/strong>. E le <strong><a href=\"https:\/\/www.tesietesti.it\">traduzioni per aziende<\/a><\/strong>, ovviamente.<\/p>\n<p>Le traduzioni tecniche, legali e di marketing sono di fatto l&#8217;unico mestiere di cui mi sia mai occupato. In passato (tanti anni fa, invero) volevo capire come funziona l&#8217;industria della traduzione. Un risultato fu il mio <strong><a href=\"https:\/\/tesietesti.it\/libro\/\">secondo libro<\/a><\/strong>, e poi diverse conferenze; non le ricordo tutte, ma tra quelle di cui ho memorie pi\u00f9 care ci sono Bologna (2008), Roma (2009), <strong><a href=\"https:\/\/giannidavico.it\/staging\/brainfood\/2008\/12\/03\/vendor-management-is-the-name-of-the-game\/\">Santiago del Cile<\/a><\/strong>, <strong><a href=\"https:\/\/giannidavico.it\/staging\/brainfood\/2009\/06\/11\/austin-alc-i-materiali\/\">Austin<\/a><\/strong>, Pisa (<strong><a title=\"Dopo Pisa\" href=\"https:\/\/giannidavico.it\/staging\/brainfood\/2011\/03\/28\/dopo-pisa\/\">qui<\/a><\/strong> e <strong><a title=\"Nel laboratorio di un traduttore\" href=\"https:\/\/sabrinatursi.files.wordpress.com\/2012\/07\/brochure-informativa-laboratorio-di-un-traduttore.pdf\" target=\"_blank\" rel=\"noopener\">qui<\/a><\/strong>), Torino (<strong><a title=\"Parlare stanca\" href=\"https:\/\/giannidavico.it\/staging\/brainfood\/2011\/12\/05\/parlare-stanca\/\">qui<\/a><\/strong> e <strong><a title=\"L\u2019industria della traduzione in Italia. Prospettive di lavoro e opportunit\u00e0\" href=\"https:\/\/giannidavico.it\/staging\/brainfood\/2011\/12\/26\/lindustria-della-traduzione-in-italia-prospettive-di-lavoro-e-opportunita\/\">qui<\/a><\/strong>), <strong><a title=\"Nel laboratorio di un traduttore\" href=\"https:\/\/sabrinatursi.wordpress.com\/2012\/01\/26\/nel-laboratorio-di-un-traduttore\/\" target=\"_blank\" rel=\"noopener\">Milano<\/a><\/strong>. Nel 2014 ho dato il mio contributo a questo <strong><a title=\"Traduttori si diventa\" href=\"https:\/\/stl-formazione.it\/2014\/07\/06\/traduttori-si-diventa-corso-on-line-per-aspiranti-traduttori\/\" target=\"_blank\" rel=\"noopener\">corso online per aspiranti traduttori<\/a><\/strong>.<\/p>\n<p>A trentadue anni mi ero dato l&#8217;obiettivo di arrivare entro i quaranta a tenere una [\u2026] <a class=\"moretag\" href=\"https:\/\/giannidavico.it\/staging\/\">continua a leggere \u00bb<\/a><\/p>\n","protected":false},"author":1,"featured_media":0,"parent":0,"menu_order":0,"comment_status":"closed","ping_status":"open","template":"","meta":[],"yoast_head":"<!-- This site is optimized with the Yoast SEO plugin v18.3 - https:\/\/yoast.com\/wordpress\/plugins\/seo\/ -->\n<title>Chi sono - Gianni Davico<\/title>\n<meta name=\"robots\" content=\"index, follow, max-snippet:-1, max-image-preview:large, max-video-preview:-1\" \/>\n<link rel=\"canonical\" href=\"https:\/\/giannidavico.it\/staging\/\" \/>\n<meta property=\"og:locale\" content=\"it_IT\" \/>\n<meta property=\"og:type\" content=\"article\" \/>\n<meta property=\"og:title\" content=\"Chi sono - Gianni Davico\" \/>\n<meta property=\"og:description\" content=\"I cinquant&#8217;anni che si avvicinano a passi velocissimi mi hanno raggiunto ma non colto di sorpresa, due figlie in piena crescita (il mestiere pi\u00f9 appassionante), il golf (la mia seconda professione), il mio diario pubblico. E le traduzioni per aziende, ovviamente. Le traduzioni tecniche, legali e di marketing sono di fatto l&#8217;unico mestiere di cui mi sia mai occupato. In passato (tanti anni fa, invero) volevo capire come funziona l&#8217;industria della traduzione. Un risultato fu il mio secondo libro, e poi diverse conferenze; non le ricordo tutte, ma tra quelle di cui ho memorie pi\u00f9 care ci sono Bologna (2008), Roma (2009), Santiago del Cile, Austin, Pisa (qui e qui), Torino (qui e qui), Milano. Nel 2014 ho dato il mio contributo a questo corso online per aspiranti traduttori. A trentadue anni mi ero dato l&#8217;obiettivo di arrivare entro i quaranta a tenere una [\u2026] continua a leggere \u00bb\" \/>\n<meta property=\"og:url\" content=\"https:\/\/giannidavico.it\/staging\/\" \/>\n<meta property=\"og:site_name\" content=\"Gianni Davico\" \/>\n<meta property=\"article:modified_time\" content=\"2022-03-04T18:41:53+00:00\" \/>\n<meta property=\"og:image\" content=\"https:\/\/giannidavico.it\/staging\/files\/2017\/09\/IMG_5716.jpg\" \/>\n<meta name=\"twitter:card\" content=\"summary\" \/>\n<meta name=\"twitter:label1\" content=\"Tempo di lettura stimato\" \/>\n\t<meta name=\"twitter:data1\" content=\"4 minuti\" \/>\n<script type=\"application\/ld+json\" class=\"yoast-schema-graph\">{\"@context\":\"https:\/\/schema.org\",\"@graph\":[{\"@type\":\"WebSite\",\"@id\":\"https:\/\/giannidavico.it\/staging\/#website\",\"url\":\"https:\/\/giannidavico.it\/staging\/\",\"name\":\"Gianni Davico\",\"description\":\"camminare, respirare, scrivere\",\"potentialAction\":[{\"@type\":\"SearchAction\",\"target\":{\"@type\":\"EntryPoint\",\"urlTemplate\":\"https:\/\/giannidavico.it\/staging\/?s={search_term_string}\"},\"query-input\":\"required name=search_term_string\"}],\"inLanguage\":\"it-IT\"},{\"@type\":\"ImageObject\",\"@id\":\"https:\/\/giannidavico.it\/staging\/#primaryimage\",\"inLanguage\":\"it-IT\",\"url\":\"https:\/\/giannidavico.it\/staging\/files\/2017\/09\/IMG_5716.jpg\",\"contentUrl\":\"https:\/\/giannidavico.it\/staging\/files\/2017\/09\/IMG_5716.jpg\",\"width\":1280,\"height\":960},{\"@type\":\"WebPage\",\"@id\":\"https:\/\/giannidavico.it\/staging\/#webpage\",\"url\":\"https:\/\/giannidavico.it\/staging\/\",\"name\":\"Chi sono - Gianni Davico\",\"isPartOf\":{\"@id\":\"https:\/\/giannidavico.it\/staging\/#website\"},\"primaryImageOfPage\":{\"@id\":\"https:\/\/giannidavico.it\/staging\/#primaryimage\"},\"datePublished\":\"2010-03-12T14:17:07+00:00\",\"dateModified\":\"2022-03-04T18:41:53+00:00\",\"breadcrumb\":{\"@id\":\"https:\/\/giannidavico.it\/staging\/#breadcrumb\"},\"inLanguage\":\"it-IT\",\"potentialAction\":[{\"@type\":\"ReadAction\",\"target\":[\"https:\/\/giannidavico.it\/staging\/\"]}]},{\"@type\":\"BreadcrumbList\",\"@id\":\"https:\/\/giannidavico.it\/staging\/#breadcrumb\",\"itemListElement\":[{\"@type\":\"ListItem\",\"position\":1,\"name\":\"Home\",\"item\":\"https:\/\/giannidavico.it\/staging\/\"},{\"@type\":\"ListItem\",\"position\":2,\"name\":\"Chi sono\"}]}]}<\/script>\n<!-- \/ Yoast SEO plugin. -->","yoast_head_json":{"title":"Chi sono - Gianni Davico","robots":{"index":"index","follow":"follow","max-snippet":"max-snippet:-1","max-image-preview":"max-image-preview:large","max-video-preview":"max-video-preview:-1"},"canonical":"https:\/\/giannidavico.it\/staging\/","og_locale":"it_IT","og_type":"article","og_title":"Chi sono - Gianni Davico","og_description":"I cinquant&#8217;anni che si avvicinano a passi velocissimi mi hanno raggiunto ma non colto di sorpresa, due figlie in piena crescita (il mestiere pi\u00f9 appassionante), il golf (la mia seconda professione), il mio diario pubblico. E le traduzioni per aziende, ovviamente. Le traduzioni tecniche, legali e di marketing sono di fatto l&#8217;unico mestiere di cui mi sia mai occupato. In passato (tanti anni fa, invero) volevo capire come funziona l&#8217;industria della traduzione. Un risultato fu il mio secondo libro, e poi diverse conferenze; non le ricordo tutte, ma tra quelle di cui ho memorie pi\u00f9 care ci sono Bologna (2008), Roma (2009), Santiago del Cile, Austin, Pisa (qui e qui), Torino (qui e qui), Milano. Nel 2014 ho dato il mio contributo a questo corso online per aspiranti traduttori. A trentadue anni mi ero dato l&#8217;obiettivo di arrivare entro i quaranta a tenere una [\u2026] continua a leggere \u00bb","og_url":"https:\/\/giannidavico.it\/staging\/","og_site_name":"Gianni Davico","article_modified_time":"2022-03-04T18:41:53+00:00","og_image":[{"url":"https:\/\/giannidavico.it\/staging\/files\/2017\/09\/IMG_5716.jpg"}],"twitter_card":"summary","twitter_misc":{"Tempo di lettura stimato":"4 minuti"},"schema":{"@context":"https:\/\/schema.org","@graph":[{"@type":"WebSite","@id":"https:\/\/giannidavico.it\/staging\/#website","url":"https:\/\/giannidavico.it\/staging\/","name":"Gianni Davico","description":"camminare, respirare, scrivere","potentialAction":[{"@type":"SearchAction","target":{"@type":"EntryPoint","urlTemplate":"https:\/\/giannidavico.it\/staging\/?s={search_term_string}"},"query-input":"required name=search_term_string"}],"inLanguage":"it-IT"},{"@type":"ImageObject","@id":"https:\/\/giannidavico.it\/staging\/#primaryimage","inLanguage":"it-IT","url":"https:\/\/giannidavico.it\/staging\/files\/2017\/09\/IMG_5716.jpg","contentUrl":"https:\/\/giannidavico.it\/staging\/files\/2017\/09\/IMG_5716.jpg","width":1280,"height":960},{"@type":"WebPage","@id":"https:\/\/giannidavico.it\/staging\/#webpage","url":"https:\/\/giannidavico.it\/staging\/","name":"Chi sono - Gianni Davico","isPartOf":{"@id":"https:\/\/giannidavico.it\/staging\/#website"},"primaryImageOfPage":{"@id":"https:\/\/giannidavico.it\/staging\/#primaryimage"},"datePublished":"2010-03-12T14:17:07+00:00","dateModified":"2022-03-04T18:41:53+00:00","breadcrumb":{"@id":"https:\/\/giannidavico.it\/staging\/#breadcrumb"},"inLanguage":"it-IT","potentialAction":[{"@type":"ReadAction","target":["https:\/\/giannidavico.it\/staging\/"]}]},{"@type":"BreadcrumbList","@id":"https:\/\/giannidavico.it\/staging\/#breadcrumb","itemListElement":[{"@type":"ListItem","position":1,"name":"Home","item":"https:\/\/giannidavico.it\/staging\/"},{"@type":"ListItem","position":2,"name":"Chi sono"}]}]}},"_links":{"self":[{"href":"https:\/\/giannidavico.it\/staging\/wp-json\/wp\/v2\/pages\/2"}],"collection":[{"href":"https:\/\/giannidavico.it\/staging\/wp-json\/wp\/v2\/pages"}],"about":[{"href":"https:\/\/giannidavico.it\/staging\/wp-json\/wp\/v2\/types\/page"}],"author":[{"embeddable":true,"href":"https:\/\/giannidavico.it\/staging\/wp-json\/wp\/v2\/users\/1"}],"replies":[{"embeddable":true,"href":"https:\/\/giannidavico.it\/staging\/wp-json\/wp\/v2\/comments?post=2"}],"version-history":[{"count":145,"href":"https:\/\/giannidavico.it\/staging\/wp-json\/wp\/v2\/pages\/2\/revisions"}],"predecessor-version":[{"id":1498,"href":"https:\/\/giannidavico.it\/staging\/wp-json\/wp\/v2\/pages\/2\/revisions\/1498"}],"wp:attachment":[{"href":"https:\/\/giannidavico.it\/staging\/wp-json\/wp\/v2\/media?parent=2"}],"curies":[{"name":"wp","href":"https:\/\/api.w.org\/{rel}","templated":true}]}}